{"id":66,"date":"2018-11-29T12:16:43","date_gmt":"2018-11-29T11:16:43","guid":{"rendered":"https:\/\/www.viverosfranco.com\/product\/import-placeholder-for-237\/"},"modified":"2018-11-29T12:17:25","modified_gmt":"2018-11-29T11:17:25","slug":"ligustrum-ovalifolium","status":"publish","type":"product","link":"https:\/\/www.viverosfranco.com\/viveros-franco\/producto\/ligustrum-ovalifolium\/","title":{"rendered":"Ligustrum ovalifolium"},"content":{"rendered":"","protected":false},"excerpt":{"rendered":"<p>Ligustrum ovalifolium es un arbusto o \u00e1rbol peque\u00f1o denso, de crecimiento r\u00e1pido. Tiene una hoja gruesa y carnosa que es verde en la parte superior y de color amarillo verdoso en la parte inferior.<\/p>\n<p>Florece en pleno verano, las abundantes flores blancas producen una fragancia acre \u00fanica. Nacen en pan\u00edculas. Tienen cuatro p\u00e9talos curvados hacia atr\u00e1s y dos estambres altos con anteras amarillas o rojas, entre los cuales se encuentra el pistilo bajo.<\/p>\n<p>Las frutas, que se distribuyen en grupos, son peque\u00f1as drupas de color p\u00farpura a negro, venenosas para los humanos pero que muchas aves comen f\u00e1cilmente. En condiciones de crecimiento favorables, los arbustos individuales pueden producir miles de frutos.<\/p>\n<table class=\"features-table\" width=\"117%\">\n<thead>\n<tr>\n<td style=\"text-align: center;\" width=\"34%\">Plantas para Borduras<\/td>\n<td style=\"text-align: center;\" width=\"16%\">Tama\u00f1o<\/td>\n<td width=\"15%\"><\/td>\n<td width=\"13%\">Presentaci\u00f3n<\/td>\n<\/tr>\n<\/thead>\n<\/table>\n<table class=\"features-table\" width=\"117%\">\n<tbody>\n<tr>\n<td>Ligustrum Ovalifolum (de California)<\/td>\n<td>1 a\u00f1o<\/td>\n<td><\/td>\n<td width=\"13%\">r\/d<\/td>\n<\/tr>\n<tr>\n<td>Ligustrum Ovalifolum (de California)<\/td>\n<td>2 a\u00f1os<\/td>\n<td><\/td>\n<td width=\"13%\">r\/d<\/td>\n<\/tr>\n<tr>\n<td>Ligustrum Ovalifolum (de California)<\/td>\n<td>50\/100<\/td>\n<td>m. alto<\/td>\n<td width=\"13%\">cont.<\/td>\n<\/tr>\n<tr>\n<td align=\"center\">Ligustrum Ovalifolum (de California)<\/td>\n<td>otras consultar<\/td>\n<td>m. alto<\/td>\n<td width=\"13%\"><\/td>\n<\/tr>\n<\/tbody>\n<\/table>\n","protected":false},"featured_media":84,"template":"","meta":[],"product_cat":[18],"product_tag":[],"_links":{"self":[{"href":"https:\/\/www.viverosfranco.com\/viveros-franco\/wp-json\/wp\/v3\/product\/66"}],"collection":[{"href":"https:\/\/www.viverosfranco.com\/viveros-franco\/wp-json\/wp\/v3\/product"}],"about":[{"href":"https:\/\/www.viverosfranco.com\/viveros-franco\/wp-json\/wp\/v2\/types\/product"}],"version-history":[{"count":0,"href":"https:\/\/www.viverosfranco.com\/viveros-franco\/wp-json\/wp\/v3\/product\/66\/revisions"}],"wp:featuredmedia":[{"embeddable":true,"href":"https:\/\/www.viverosfranco.com\/viveros-franco\/wp-json\/wp\/v2\/media\/84"}],"wp:attachment":[{"href":"https:\/\/www.viverosfranco.com\/viveros-franco\/wp-json\/wp\/v2\/media?parent=66"}],"wp:term":[{"taxonomy":"product_cat","embeddable":true,"href":"https:\/\/www.viverosfranco.com\/viveros-franco\/wp-json\/wp\/v2\/product_cat?post=66"},{"taxonomy":"product_tag","embeddable":true,"href":"https:\/\/www.viverosfranco.com\/viveros-franco\/wp-json\/wp\/v2\/product_tag?post=66"}],"curies":[{"name":"wp","href":"https:\/\/api.w.org\/{rel}","templated":true}]}}