{"id":64,"date":"2018-11-29T12:16:42","date_gmt":"2018-11-29T11:16:42","guid":{"rendered":"https:\/\/www.viverosfranco.com\/product\/import-placeholder-for-233\/"},"modified":"2018-11-29T12:17:17","modified_gmt":"2018-11-29T11:17:17","slug":"euonymus-variados","status":"publish","type":"product","link":"https:\/\/www.viverosfranco.com\/viveros-franco\/producto\/euonymus-variados\/","title":{"rendered":"Euonymus Variados"},"content":{"rendered":"","protected":false},"excerpt":{"rendered":"<p>Las hojas est\u00e1n enfrentadas (raramente alternas), son simples y ovoideas de 2-15 cm de longitud, generalmente con los bordes serrados. Las flores son blancas y peque\u00f1as. El fruto es una vaina como una baya que se encuentra abierta ense\u00f1ando sus semillas que est\u00e1n rodeadas de pulpa carnosa. Las semillas son comidas por los p\u00e1jaros que las dispersan para su propagaci\u00f3n. Todas las partes son venenosas para los seres humanos si las ingieren.<\/p>\n<p>&nbsp;<\/p>\n<table class=\"features-table\" width=\"117%\">\n<tbody>\n<tr>\n<td>Euonymus Variados<\/td>\n<td>20\/30<\/td>\n<td>m. alto<\/td>\n<td width=\"13%\">r\/d<\/td>\n<\/tr>\n<\/tbody>\n<\/table>\n","protected":false},"featured_media":82,"template":"","meta":[],"product_cat":[18],"product_tag":[],"_links":{"self":[{"href":"https:\/\/www.viverosfranco.com\/viveros-franco\/wp-json\/wp\/v3\/product\/64"}],"collection":[{"href":"https:\/\/www.viverosfranco.com\/viveros-franco\/wp-json\/wp\/v3\/product"}],"about":[{"href":"https:\/\/www.viverosfranco.com\/viveros-franco\/wp-json\/wp\/v2\/types\/product"}],"version-history":[{"count":0,"href":"https:\/\/www.viverosfranco.com\/viveros-franco\/wp-json\/wp\/v3\/product\/64\/revisions"}],"wp:featuredmedia":[{"embeddable":true,"href":"https:\/\/www.viverosfranco.com\/viveros-franco\/wp-json\/wp\/v2\/media\/82"}],"wp:attachment":[{"href":"https:\/\/www.viverosfranco.com\/viveros-franco\/wp-json\/wp\/v2\/media?parent=64"}],"wp:term":[{"taxonomy":"product_cat","embeddable":true,"href":"https:\/\/www.viverosfranco.com\/viveros-franco\/wp-json\/wp\/v2\/product_cat?post=64"},{"taxonomy":"product_tag","embeddable":true,"href":"https:\/\/www.viverosfranco.com\/viveros-franco\/wp-json\/wp\/v2\/product_tag?post=64"}],"curies":[{"name":"wp","href":"https:\/\/api.w.org\/{rel}","templated":true}]}}