{"id":244,"date":"2018-12-03T16:50:06","date_gmt":"2018-12-03T15:50:06","guid":{"rendered":"https:\/\/www.viverosfranco.com\/?post_type=product&#038;p=244"},"modified":"2018-12-03T16:50:32","modified_gmt":"2018-12-03T15:50:32","slug":"acer-rubrum","status":"publish","type":"product","link":"https:\/\/www.viverosfranco.com\/viveros-franco\/producto\/acer-rubrum\/","title":{"rendered":"Acer rubrum"},"content":{"rendered":"","protected":false},"excerpt":{"rendered":"<p>En la mayor\u00eda de su extensi\u00f3n, el arce rojo se adapta a un amplio rango de condiciones en su emplazamiento. Se puede encontrar creciendo en ci\u00e9nagas, en tierras \u00e1ridas, y en cualquier caso entre medio. Tambi\u00e9n tolera un amplio rango de pH, aunque la clorosis puede ocurrir en tierras m\u00e1s alcalinas.<\/p>\n<p><strong>Presentaci\u00f3n:<\/strong><\/p>\n<table width=\"436\">\n<tbody>\n<tr>\n<td width=\"267\">Acer Rubrum<\/td>\n<td width=\"79\">08-10<\/td>\n<td width=\"90\">cm. circunf.<\/td>\n<\/tr>\n<\/tbody>\n<\/table>\n","protected":false},"featured_media":245,"template":"","meta":[],"product_cat":[24],"product_tag":[],"_links":{"self":[{"href":"https:\/\/www.viverosfranco.com\/viveros-franco\/wp-json\/wp\/v3\/product\/244"}],"collection":[{"href":"https:\/\/www.viverosfranco.com\/viveros-franco\/wp-json\/wp\/v3\/product"}],"about":[{"href":"https:\/\/www.viverosfranco.com\/viveros-franco\/wp-json\/wp\/v2\/types\/product"}],"version-history":[{"count":0,"href":"https:\/\/www.viverosfranco.com\/viveros-franco\/wp-json\/wp\/v3\/product\/244\/revisions"}],"wp:featuredmedia":[{"embeddable":true,"href":"https:\/\/www.viverosfranco.com\/viveros-franco\/wp-json\/wp\/v2\/media\/245"}],"wp:attachment":[{"href":"https:\/\/www.viverosfranco.com\/viveros-franco\/wp-json\/wp\/v2\/media?parent=244"}],"wp:term":[{"taxonomy":"product_cat","embeddable":true,"href":"https:\/\/www.viverosfranco.com\/viveros-franco\/wp-json\/wp\/v2\/product_cat?post=244"},{"taxonomy":"product_tag","embeddable":true,"href":"https:\/\/www.viverosfranco.com\/viveros-franco\/wp-json\/wp\/v2\/product_tag?post=244"}],"curies":[{"name":"wp","href":"https:\/\/api.w.org\/{rel}","templated":true}]}}