{"id":241,"date":"2018-12-03T16:44:43","date_gmt":"2018-12-03T15:44:43","guid":{"rendered":"https:\/\/www.viverosfranco.com\/?post_type=product&#038;p=241"},"modified":"2018-12-03T16:47:59","modified_gmt":"2018-12-03T15:47:59","slug":"acer-pseudoplatanus-2","status":"publish","type":"product","link":"https:\/\/www.viverosfranco.com\/viveros-franco\/producto\/acer-pseudoplatanus-2\/","title":{"rendered":"Acer Pseudoplatanus"},"content":{"rendered":"","protected":false},"excerpt":{"rendered":"<p>Es un \u00e1rbol elevado, que puede alcanzar hasta 30 m de altura, de copa amplia y ramas abiertas, con corteza lisa y gris\u00e1cea. Las hojas son caducas, palmeadas, divididas hasta la mitad de la l\u00e1mina en cinco l\u00f3bulos aovados, con los bordes provistos de gruesos dientes, algo desiguales, curvados en forma de sierra; su pec\u00edolo es muy largo y est\u00e1 en posici\u00f3n opuesta; son grandes, de unos 10 a 15 cm<\/p>\n<p><strong>Presentaci\u00f3n:<\/strong><\/p>\n<table width=\"436\">\n<tbody>\n<tr>\n<td width=\"267\">Acer Pseudoplatanus<\/td>\n<td width=\"79\">08-10<\/td>\n<td width=\"90\">cm. circunf.<\/td>\n<\/tr>\n<tr>\n<td>Acer Pseudoplatanus<\/td>\n<td>10-12<\/td>\n<td>cm. circunf.<\/td>\n<\/tr>\n<tr>\n<td>Acer Pseudoplatanus12<\/td>\n<td>-14<\/td>\n<td>cm. circunf.<\/td>\n<\/tr>\n<tr>\n<td>Acer Pseudoplatanus<\/td>\n<td>14\/16<\/td>\n<td>cm. circunf.<\/td>\n<\/tr>\n<tr>\n<td>Acer Pseudoplatanus<\/td>\n<td>mayores<\/td>\n<td>consultar<\/td>\n<\/tr>\n<\/tbody>\n<\/table>\n","protected":false},"featured_media":243,"template":"","meta":[],"product_cat":[24],"product_tag":[],"_links":{"self":[{"href":"https:\/\/www.viverosfranco.com\/viveros-franco\/wp-json\/wp\/v3\/product\/241"}],"collection":[{"href":"https:\/\/www.viverosfranco.com\/viveros-franco\/wp-json\/wp\/v3\/product"}],"about":[{"href":"https:\/\/www.viverosfranco.com\/viveros-franco\/wp-json\/wp\/v2\/types\/product"}],"version-history":[{"count":1,"href":"https:\/\/www.viverosfranco.com\/viveros-franco\/wp-json\/wp\/v3\/product\/241\/revisions"}],"predecessor-version":[{"id":242,"href":"https:\/\/www.viverosfranco.com\/viveros-franco\/wp-json\/wp\/v3\/product\/241\/revisions\/242"}],"wp:featuredmedia":[{"embeddable":true,"href":"https:\/\/www.viverosfranco.com\/viveros-franco\/wp-json\/wp\/v2\/media\/243"}],"wp:attachment":[{"href":"https:\/\/www.viverosfranco.com\/viveros-franco\/wp-json\/wp\/v2\/media?parent=241"}],"wp:term":[{"taxonomy":"product_cat","embeddable":true,"href":"https:\/\/www.viverosfranco.com\/viveros-franco\/wp-json\/wp\/v2\/product_cat?post=241"},{"taxonomy":"product_tag","embeddable":true,"href":"https:\/\/www.viverosfranco.com\/viveros-franco\/wp-json\/wp\/v2\/product_tag?post=241"}],"curies":[{"name":"wp","href":"https:\/\/api.w.org\/{rel}","templated":true}]}}