{"id":229,"date":"2018-12-03T16:02:23","date_gmt":"2018-12-03T15:02:23","guid":{"rendered":"https:\/\/www.viverosfranco.com\/?post_type=product&#038;p=229"},"modified":"2018-12-03T16:02:57","modified_gmt":"2018-12-03T15:02:57","slug":"acer-negundo","status":"publish","type":"product","link":"https:\/\/www.viverosfranco.com\/viveros-franco\/producto\/acer-negundo\/","title":{"rendered":"Acer Negundo"},"content":{"rendered":"","protected":false},"excerpt":{"rendered":"<p>Este arce es un \u00e1rbol de crecimiento r\u00e1pido, generalmente no muy longevo, de hasta 25 m de altura, con un tronco de di\u00e1metro de 30 a 50 cm, raramente de m\u00e1s de 1 m. Muchas veces tiene varios troncos y forma espesuras impenetrables.<\/p>\n<p>Presentaci\u00f3n:<\/p>\n<p>&nbsp;<\/p>\n<table width=\"436\">\n<tbody>\n<tr>\n<td width=\"267\">Acer Negundo<\/td>\n<td width=\"79\">10-12<\/td>\n<td width=\"90\">cm. circunf.<\/td>\n<\/tr>\n<tr>\n<td>Acer Negundo<\/td>\n<td>12-14<\/td>\n<td>cm. circunf.<\/td>\n<\/tr>\n<tr>\n<td>Acer Negundo<\/td>\n<td>14-16<\/td>\n<td>cm. circunf.<\/td>\n<\/tr>\n<tr>\n<td>Acer Negundo<\/td>\n<td>16-18<\/td>\n<td>cm. circunf.<\/td>\n<\/tr>\n<tr>\n<td>Acer Negundo<\/td>\n<td>mayores<\/td>\n<td>consultar<\/td>\n<\/tr>\n<\/tbody>\n<\/table>\n","protected":false},"featured_media":230,"template":"","meta":[],"product_cat":[24],"product_tag":[],"_links":{"self":[{"href":"https:\/\/www.viverosfranco.com\/viveros-franco\/wp-json\/wp\/v3\/product\/229"}],"collection":[{"href":"https:\/\/www.viverosfranco.com\/viveros-franco\/wp-json\/wp\/v3\/product"}],"about":[{"href":"https:\/\/www.viverosfranco.com\/viveros-franco\/wp-json\/wp\/v2\/types\/product"}],"version-history":[{"count":0,"href":"https:\/\/www.viverosfranco.com\/viveros-franco\/wp-json\/wp\/v3\/product\/229\/revisions"}],"wp:featuredmedia":[{"embeddable":true,"href":"https:\/\/www.viverosfranco.com\/viveros-franco\/wp-json\/wp\/v2\/media\/230"}],"wp:attachment":[{"href":"https:\/\/www.viverosfranco.com\/viveros-franco\/wp-json\/wp\/v2\/media?parent=229"}],"wp:term":[{"taxonomy":"product_cat","embeddable":true,"href":"https:\/\/www.viverosfranco.com\/viveros-franco\/wp-json\/wp\/v2\/product_cat?post=229"},{"taxonomy":"product_tag","embeddable":true,"href":"https:\/\/www.viverosfranco.com\/viveros-franco\/wp-json\/wp\/v2\/product_tag?post=229"}],"curies":[{"name":"wp","href":"https:\/\/api.w.org\/{rel}","templated":true}]}}