{"id":226,"date":"2018-11-30T16:30:37","date_gmt":"2018-11-30T15:30:37","guid":{"rendered":"https:\/\/www.viverosfranco.com\/?post_type=product&#038;p=226"},"modified":"2018-12-03T16:38:13","modified_gmt":"2018-12-03T15:38:13","slug":"populus-canadiense-chopo","status":"publish","type":"product","link":"https:\/\/www.viverosfranco.com\/viveros-franco\/producto\/populus-canadiense-chopo\/","title":{"rendered":"Populus canadiense (Chopo)"},"content":{"rendered":"","protected":false},"excerpt":{"rendered":"<p>El \u00e1lamo o chopo canadiense es un \u00e1rbol que puede alcanzar 30 metros de altura y deriva de la hibridaci\u00f3n de Populus nigra con Populus deltoides. Tronco derecho y con pocas ramas. Las hojas son grandes con el limbo triangular y bordes aserrados.<\/p>\n<p><strong>Presentaci\u00f3n:<\/strong><\/p>\n<table width=\"516\">\n<tbody>\n<tr>\n<td width=\"267\">Populus Canadiense (Chopo)<\/td>\n<td width=\"79\">baras cortadas<\/td>\n<td width=\"90\"><\/td>\n<td width=\"80\"><\/td>\n<\/tr>\n<tr>\n<td>Populus Canadiense (Chopo)<\/td>\n<td>1+1<\/td>\n<td>90\/120<\/td>\n<td>R\/D<\/td>\n<\/tr>\n<tr>\n<td>Populus Canadiense (Chopo)<\/td>\n<td>1+1<\/td>\n<td>120\/150<\/td>\n<td>R\/D<\/td>\n<\/tr>\n<tr>\n<td>Populus Canadiense (Chopo)<\/td>\n<td>1+1<\/td>\n<td>150\/175<\/td>\n<td>R\/D<\/td>\n<\/tr>\n<tr>\n<td>Populus Canadiense (Chopo)<\/td>\n<td>mayores<\/td>\n<td>consultar<\/td>\n<td><\/td>\n<\/tr>\n<\/tbody>\n<\/table>\n","protected":false},"featured_media":234,"template":"","meta":[],"product_cat":[20],"product_tag":[],"_links":{"self":[{"href":"https:\/\/www.viverosfranco.com\/viveros-franco\/wp-json\/wp\/v3\/product\/226"}],"collection":[{"href":"https:\/\/www.viverosfranco.com\/viveros-franco\/wp-json\/wp\/v3\/product"}],"about":[{"href":"https:\/\/www.viverosfranco.com\/viveros-franco\/wp-json\/wp\/v2\/types\/product"}],"version-history":[{"count":0,"href":"https:\/\/www.viverosfranco.com\/viveros-franco\/wp-json\/wp\/v3\/product\/226\/revisions"}],"wp:featuredmedia":[{"embeddable":true,"href":"https:\/\/www.viverosfranco.com\/viveros-franco\/wp-json\/wp\/v2\/media\/234"}],"wp:attachment":[{"href":"https:\/\/www.viverosfranco.com\/viveros-franco\/wp-json\/wp\/v2\/media?parent=226"}],"wp:term":[{"taxonomy":"product_cat","embeddable":true,"href":"https:\/\/www.viverosfranco.com\/viveros-franco\/wp-json\/wp\/v2\/product_cat?post=226"},{"taxonomy":"product_tag","embeddable":true,"href":"https:\/\/www.viverosfranco.com\/viveros-franco\/wp-json\/wp\/v2\/product_tag?post=226"}],"curies":[{"name":"wp","href":"https:\/\/api.w.org\/{rel}","templated":true}]}}