{"id":220,"date":"2018-11-30T16:07:07","date_gmt":"2018-11-30T15:07:07","guid":{"rendered":"https:\/\/www.viverosfranco.com\/?post_type=product&#038;p=220"},"modified":"2018-12-11T17:43:09","modified_gmt":"2018-12-11T16:43:09","slug":"quercus-robur-roble-pais","status":"publish","type":"product","link":"https:\/\/www.viverosfranco.com\/viveros-franco\/producto\/quercus-robur-roble-pais\/","title":{"rendered":"Quercus robur (Roble pa\u00eds)"},"content":{"rendered":"","protected":false},"excerpt":{"rendered":"<p>\u00c1rbol de copa amplia, tronco le\u00f1oso con grietas longitudinales, y hoja caduca. Tronco derecho, corto y muy grueso en los ejemplares aislados, con ramas gruesas y algo tortuosas; corteza gris\u00e1cea o blanquecina, muy resquebrajada y de tonalidad parduzca en los ejemplares viejos. Hojas grandes, simples, en disposici\u00f3n alterna, con est\u00edpulas alargadas que caen pronto; son lampi\u00f1as por las dos caras, de color verde intenso por el haz y m\u00e1s p\u00e1lidas, con los nervios bien marcados, por la cara inferior; su forma es aovada, con peciolo muy corto (2 a 7 mm), con el borde m\u00e1s o menos, profundamente, lobulado y con los l\u00f3bulos desiguales y redondeados, suelen medir unos 6 a 12 cm de largo por unos 3 a 6 cm de ancho.<\/p>\n<p><strong>Presentaci\u00f3n:<\/strong><\/p>\n<table width=\"516\">\n<tbody>\n<tr>\n<td width=\"267\">Quercus Robur (Roble Pa\u00eds)<\/td>\n<td width=\"79\">1+2<\/td>\n<td width=\"90\">90\/120<\/td>\n<td width=\"80\">R\/D<\/td>\n<\/tr>\n<tr>\n<td>Quercus Robur (Roble Pa\u00eds)<\/td>\n<td>1+2<\/td>\n<td>120\/150<\/td>\n<td>R\/D<\/td>\n<\/tr>\n<tr>\n<td>Quercus Robur (Roble Pa\u00eds)<\/td>\n<td>mayores<\/td>\n<td>consultar<\/td>\n<td><\/td>\n<\/tr>\n<\/tbody>\n<\/table>\n","protected":false},"featured_media":221,"template":"","meta":[],"product_cat":[24,20,29],"product_tag":[],"_links":{"self":[{"href":"https:\/\/www.viverosfranco.com\/viveros-franco\/wp-json\/wp\/v3\/product\/220"}],"collection":[{"href":"https:\/\/www.viverosfranco.com\/viveros-franco\/wp-json\/wp\/v3\/product"}],"about":[{"href":"https:\/\/www.viverosfranco.com\/viveros-franco\/wp-json\/wp\/v2\/types\/product"}],"version-history":[{"count":0,"href":"https:\/\/www.viverosfranco.com\/viveros-franco\/wp-json\/wp\/v3\/product\/220\/revisions"}],"wp:featuredmedia":[{"embeddable":true,"href":"https:\/\/www.viverosfranco.com\/viveros-franco\/wp-json\/wp\/v2\/media\/221"}],"wp:attachment":[{"href":"https:\/\/www.viverosfranco.com\/viveros-franco\/wp-json\/wp\/v2\/media?parent=220"}],"wp:term":[{"taxonomy":"product_cat","embeddable":true,"href":"https:\/\/www.viverosfranco.com\/viveros-franco\/wp-json\/wp\/v2\/product_cat?post=220"},{"taxonomy":"product_tag","embeddable":true,"href":"https:\/\/www.viverosfranco.com\/viveros-franco\/wp-json\/wp\/v2\/product_tag?post=220"}],"curies":[{"name":"wp","href":"https:\/\/api.w.org\/{rel}","templated":true}]}}