{"id":209,"date":"2018-11-30T15:00:07","date_gmt":"2018-11-30T14:00:07","guid":{"rendered":"https:\/\/www.viverosfranco.com\/?post_type=product&#038;p=209"},"modified":"2018-12-11T17:38:36","modified_gmt":"2018-12-11T16:38:36","slug":"betula-pendula","status":"publish","type":"product","link":"https:\/\/www.viverosfranco.com\/viveros-franco\/producto\/betula-pendula\/","title":{"rendered":"Betula pendula"},"content":{"rendered":"","protected":false},"excerpt":{"rendered":"<p>Tronco generalmente delgado (aunque ocasionalmente puede llegar hasta los 2 metros de di\u00e1metro), con corteza de un blanco puro caracter\u00edstico, que en la base del tronco se oscurece y agrieta con la edad. Los ejemplares j\u00f3venes tienen la corteza pardusca, como la del cerezo. El sistema radical es somero y extendido.<\/p>\n<p>Presentaci\u00f3n:<\/p>\n<table width=\"516\">\n<tbody>\n<tr>\n<td width=\"267\">Betula Pendula (Abedul)<\/td>\n<td width=\"79\">1+1<\/td>\n<td width=\"90\">45\/60<\/td>\n<td width=\"80\">R\/D<\/td>\n<\/tr>\n<tr>\n<td>Betula Pendula (Abedul)<\/td>\n<td>1+1<\/td>\n<td>60\/90<\/td>\n<td>R\/D<\/td>\n<\/tr>\n<tr>\n<td>Betula Pendula (Abedul)<\/td>\n<td>1+1<\/td>\n<td>90\/120<\/td>\n<td>R\/D<\/td>\n<\/tr>\n<tr>\n<td>Betula Pendula (Abedul)<\/td>\n<td>1+1<\/td>\n<td>120\/140<\/td>\n<td>R\/D<\/td>\n<\/tr>\n<\/tbody>\n<\/table>\n","protected":false},"featured_media":210,"template":"","meta":[],"product_cat":[20,29],"product_tag":[],"_links":{"self":[{"href":"https:\/\/www.viverosfranco.com\/viveros-franco\/wp-json\/wp\/v3\/product\/209"}],"collection":[{"href":"https:\/\/www.viverosfranco.com\/viveros-franco\/wp-json\/wp\/v3\/product"}],"about":[{"href":"https:\/\/www.viverosfranco.com\/viveros-franco\/wp-json\/wp\/v2\/types\/product"}],"version-history":[{"count":0,"href":"https:\/\/www.viverosfranco.com\/viveros-franco\/wp-json\/wp\/v3\/product\/209\/revisions"}],"wp:featuredmedia":[{"embeddable":true,"href":"https:\/\/www.viverosfranco.com\/viveros-franco\/wp-json\/wp\/v2\/media\/210"}],"wp:attachment":[{"href":"https:\/\/www.viverosfranco.com\/viveros-franco\/wp-json\/wp\/v2\/media?parent=209"}],"wp:term":[{"taxonomy":"product_cat","embeddable":true,"href":"https:\/\/www.viverosfranco.com\/viveros-franco\/wp-json\/wp\/v2\/product_cat?post=209"},{"taxonomy":"product_tag","embeddable":true,"href":"https:\/\/www.viverosfranco.com\/viveros-franco\/wp-json\/wp\/v2\/product_tag?post=209"}],"curies":[{"name":"wp","href":"https:\/\/api.w.org\/{rel}","templated":true}]}}