{"id":207,"date":"2018-11-30T14:52:05","date_gmt":"2018-11-30T13:52:05","guid":{"rendered":"https:\/\/www.viverosfranco.com\/?post_type=product&#038;p=207"},"modified":"2018-11-30T14:52:07","modified_gmt":"2018-11-30T13:52:07","slug":"taxodium","status":"publish","type":"product","link":"https:\/\/www.viverosfranco.com\/viveros-franco\/producto\/taxodium\/","title":{"rendered":"Taxodium"},"content":{"rendered":"","protected":false},"excerpt":{"rendered":"<p>Taxodium Rich. es un g\u00e9nero de con\u00edferas de la familia de las cupres\u00e1ceas (subfamilia taxodi\u00e1ceas) extremadamente tolerante al encharcamiento. Seg\u00fan los criterios taxon\u00f3micos usados por diferentes autores posee entre una y tres especies. Es uno de los g\u00e9neros en la familia que son com\u00fanmente conocidos como cipreses. Dentro de la familia, Taxodium, est\u00e1 m\u00e1s emparentado con el &#8216;cipr\u00e9s chino&#8217; (Glyptostrobus pensilis) y con Cryptomeria japonica.<\/p>\n<p><strong>Presentaci\u00f3n:<\/strong><\/p>\n<table width=\"516\">\n<tbody>\n<tr>\n<td width=\"267\">Taxodium<\/td>\n<td width=\"79\">100\/250<\/td>\n<td width=\"90\"><\/td>\n<td width=\"80\"><\/td>\n<\/tr>\n<\/tbody>\n<\/table>\n","protected":false},"featured_media":208,"template":"","meta":[],"product_cat":[19],"product_tag":[],"_links":{"self":[{"href":"https:\/\/www.viverosfranco.com\/viveros-franco\/wp-json\/wp\/v3\/product\/207"}],"collection":[{"href":"https:\/\/www.viverosfranco.com\/viveros-franco\/wp-json\/wp\/v3\/product"}],"about":[{"href":"https:\/\/www.viverosfranco.com\/viveros-franco\/wp-json\/wp\/v2\/types\/product"}],"version-history":[{"count":0,"href":"https:\/\/www.viverosfranco.com\/viveros-franco\/wp-json\/wp\/v3\/product\/207\/revisions"}],"wp:featuredmedia":[{"embeddable":true,"href":"https:\/\/www.viverosfranco.com\/viveros-franco\/wp-json\/wp\/v2\/media\/208"}],"wp:attachment":[{"href":"https:\/\/www.viverosfranco.com\/viveros-franco\/wp-json\/wp\/v2\/media?parent=207"}],"wp:term":[{"taxonomy":"product_cat","embeddable":true,"href":"https:\/\/www.viverosfranco.com\/viveros-franco\/wp-json\/wp\/v2\/product_cat?post=207"},{"taxonomy":"product_tag","embeddable":true,"href":"https:\/\/www.viverosfranco.com\/viveros-franco\/wp-json\/wp\/v2\/product_tag?post=207"}],"curies":[{"name":"wp","href":"https:\/\/api.w.org\/{rel}","templated":true}]}}