{"id":205,"date":"2018-11-30T14:50:11","date_gmt":"2018-11-30T13:50:11","guid":{"rendered":"https:\/\/www.viverosfranco.com\/?post_type=product&#038;p=205"},"modified":"2018-11-30T16:50:23","modified_gmt":"2018-11-30T15:50:23","slug":"sequoia-sempervirens","status":"publish","type":"product","link":"https:\/\/www.viverosfranco.com\/viveros-franco\/producto\/sequoia-sempervirens\/","title":{"rendered":"Sequoia sempervirens"},"content":{"rendered":"","protected":false},"excerpt":{"rendered":"<p>Sequoia sempervirens es la \u00fanica especie de Sequoia, un g\u00e9nero monot\u00edpico de plantas perteneciente a la familia de las Cupressaceae, subfamilia Sequoioideae. Es conocida popularmente como secuoya roja2\u200b o secuoya de California.<\/p>\n<p><strong>Presentaci\u00f3n:<\/strong><\/p>\n<table width=\"516\">\n<tbody>\n<tr>\n<td width=\"267\">Sequoiadendron Sempervirens<\/td>\n<td width=\"79\">60\/80<\/td>\n<td width=\"90\">m. alto<\/td>\n<td width=\"80\">C-17<\/td>\n<\/tr>\n<tr>\n<td>Sequoiadendron Sempervirens<\/td>\n<td>20\/40<\/td>\n<td>alveolo<\/td>\n<td><\/td>\n<\/tr>\n<\/tbody>\n<\/table>\n","protected":false},"featured_media":206,"template":"","meta":[],"product_cat":[19],"product_tag":[],"_links":{"self":[{"href":"https:\/\/www.viverosfranco.com\/viveros-franco\/wp-json\/wp\/v3\/product\/205"}],"collection":[{"href":"https:\/\/www.viverosfranco.com\/viveros-franco\/wp-json\/wp\/v3\/product"}],"about":[{"href":"https:\/\/www.viverosfranco.com\/viveros-franco\/wp-json\/wp\/v2\/types\/product"}],"version-history":[{"count":0,"href":"https:\/\/www.viverosfranco.com\/viveros-franco\/wp-json\/wp\/v3\/product\/205\/revisions"}],"wp:featuredmedia":[{"embeddable":true,"href":"https:\/\/www.viverosfranco.com\/viveros-franco\/wp-json\/wp\/v2\/media\/206"}],"wp:attachment":[{"href":"https:\/\/www.viverosfranco.com\/viveros-franco\/wp-json\/wp\/v2\/media?parent=205"}],"wp:term":[{"taxonomy":"product_cat","embeddable":true,"href":"https:\/\/www.viverosfranco.com\/viveros-franco\/wp-json\/wp\/v2\/product_cat?post=205"},{"taxonomy":"product_tag","embeddable":true,"href":"https:\/\/www.viverosfranco.com\/viveros-franco\/wp-json\/wp\/v2\/product_tag?post=205"}],"curies":[{"name":"wp","href":"https:\/\/api.w.org\/{rel}","templated":true}]}}