{"id":203,"date":"2018-11-30T14:48:02","date_gmt":"2018-11-30T13:48:02","guid":{"rendered":"https:\/\/www.viverosfranco.com\/?post_type=product&#038;p=203"},"modified":"2018-11-30T16:51:25","modified_gmt":"2018-11-30T15:51:25","slug":"sequoiadendron-giganteum","status":"publish","type":"product","link":"https:\/\/www.viverosfranco.com\/viveros-franco\/producto\/sequoiadendron-giganteum\/","title":{"rendered":"Sequoiadendron giganteum"},"content":{"rendered":"","protected":false},"excerpt":{"rendered":"<p>Sequoiadendron giganteum es la \u00fanica especie de Sequoiadendron, un g\u00e9nero monot\u00edpico de \u00e1rboles perteneciente a la familia de las Cupres\u00e1ceas, tambi\u00e9n llamadas Taxodi\u00e1ceas. Es conocida como secuoya, secoya gigante, velintonia, wellingtonia, secoya de Sierra o gran \u00e1rbol. Sequoaidendron giganteum es una de las tres especies de con\u00edferas conocidas como secuoyas, clasificada en la subfamilia de las Sequoioideae, junto con Sequoia sempervirens (secoya de costa) y Metasequoia glyptostroboides (secoya del alba).<\/p>\n<p><strong>Presentaci\u00f3n:<\/strong><\/p>\n<table width=\"516\">\n<tbody>\n<tr>\n<td width=\"267\">Sequoiadendron Giganteum<\/td>\n<td width=\"79\">100\/120<\/td>\n<td width=\"90\">m. alto<\/td>\n<td width=\"80\">C-20<\/td>\n<\/tr>\n<tr>\n<td>Sequoiadendron Giganteum<\/td>\n<td>150\/200<\/td>\n<td>m. alto<\/td>\n<td>C-30<\/td>\n<\/tr>\n<\/tbody>\n<\/table>\n","protected":false},"featured_media":228,"template":"","meta":[],"product_cat":[19],"product_tag":[],"_links":{"self":[{"href":"https:\/\/www.viverosfranco.com\/viveros-franco\/wp-json\/wp\/v3\/product\/203"}],"collection":[{"href":"https:\/\/www.viverosfranco.com\/viveros-franco\/wp-json\/wp\/v3\/product"}],"about":[{"href":"https:\/\/www.viverosfranco.com\/viveros-franco\/wp-json\/wp\/v2\/types\/product"}],"version-history":[{"count":0,"href":"https:\/\/www.viverosfranco.com\/viveros-franco\/wp-json\/wp\/v3\/product\/203\/revisions"}],"wp:featuredmedia":[{"embeddable":true,"href":"https:\/\/www.viverosfranco.com\/viveros-franco\/wp-json\/wp\/v2\/media\/228"}],"wp:attachment":[{"href":"https:\/\/www.viverosfranco.com\/viveros-franco\/wp-json\/wp\/v2\/media?parent=203"}],"wp:term":[{"taxonomy":"product_cat","embeddable":true,"href":"https:\/\/www.viverosfranco.com\/viveros-franco\/wp-json\/wp\/v2\/product_cat?post=203"},{"taxonomy":"product_tag","embeddable":true,"href":"https:\/\/www.viverosfranco.com\/viveros-franco\/wp-json\/wp\/v2\/product_tag?post=203"}],"curies":[{"name":"wp","href":"https:\/\/api.w.org\/{rel}","templated":true}]}}