{"id":196,"date":"2018-11-30T13:41:33","date_gmt":"2018-11-30T12:41:33","guid":{"rendered":"https:\/\/www.viverosfranco.com\/?post_type=product&#038;p=196"},"modified":"2018-11-30T13:45:53","modified_gmt":"2018-11-30T12:45:53","slug":"pinus-pinea-pinonero-2","status":"publish","type":"product","link":"https:\/\/www.viverosfranco.com\/viveros-franco\/producto\/pinus-pinea-pinonero-2\/","title":{"rendered":"Pinus Pinea (Pi\u00f1onero)"},"content":{"rendered":"","protected":false},"excerpt":{"rendered":"<p>Pinus pinea, el pino pi\u00f1onero, pino manso, pino doncel2\u200b o pino albar3\u200b es una especie arb\u00f3rea de la familia de las pin\u00e1ceas. Su nombre, &#8220;pino pi\u00f1onero&#8221;, proviene del hecho de que produce como semilla grandes pi\u00f1ones consumidos por la humanidad desde tiempos inmemoriales, puesto que si bien los pi\u00f1ones de otras especies europeas de pino tambi\u00e9n se pueden comer, son mucho m\u00e1s peque\u00f1os (hay especies americanas con pi\u00f1ones grandes que se explotan comercialmente). Es originario de la regi\u00f3n mediterr\u00e1nea.<\/p>\n<p><strong>Presentaci\u00f3n:<\/strong><\/p>\n<table width=\"516\">\n<tbody>\n<tr>\n<td width=\"267\">Pinus Pinea (Pi\u00f1onero)<\/td>\n<td width=\"79\">50\/75<\/td>\n<td width=\"90\">m. alto<\/td>\n<td width=\"80\">C-19<\/td>\n<\/tr>\n<tr>\n<td>Pinus Pinea (Pi\u00f1onero)<\/td>\n<td>75\/100<\/td>\n<td>m. alto<\/td>\n<td>C-19<\/td>\n<\/tr>\n<tr>\n<td>Pinus Pinea (Pi\u00f1onero)<\/td>\n<td>100\/125<\/td>\n<td>m. alto<\/td>\n<td>C-19<\/td>\n<\/tr>\n<tr>\n<td>Pinus Pinea (Pi\u00f1onero)<\/td>\n<td>200\/250<\/td>\n<td>m. alto<\/td>\n<td>C-40<\/td>\n<\/tr>\n<\/tbody>\n<\/table>\n","protected":false},"featured_media":198,"template":"","meta":[],"product_cat":[19],"product_tag":[],"_links":{"self":[{"href":"https:\/\/www.viverosfranco.com\/viveros-franco\/wp-json\/wp\/v3\/product\/196"}],"collection":[{"href":"https:\/\/www.viverosfranco.com\/viveros-franco\/wp-json\/wp\/v3\/product"}],"about":[{"href":"https:\/\/www.viverosfranco.com\/viveros-franco\/wp-json\/wp\/v2\/types\/product"}],"version-history":[{"count":1,"href":"https:\/\/www.viverosfranco.com\/viveros-franco\/wp-json\/wp\/v3\/product\/196\/revisions"}],"predecessor-version":[{"id":197,"href":"https:\/\/www.viverosfranco.com\/viveros-franco\/wp-json\/wp\/v3\/product\/196\/revisions\/197"}],"wp:featuredmedia":[{"embeddable":true,"href":"https:\/\/www.viverosfranco.com\/viveros-franco\/wp-json\/wp\/v2\/media\/198"}],"wp:attachment":[{"href":"https:\/\/www.viverosfranco.com\/viveros-franco\/wp-json\/wp\/v2\/media?parent=196"}],"wp:term":[{"taxonomy":"product_cat","embeddable":true,"href":"https:\/\/www.viverosfranco.com\/viveros-franco\/wp-json\/wp\/v2\/product_cat?post=196"},{"taxonomy":"product_tag","embeddable":true,"href":"https:\/\/www.viverosfranco.com\/viveros-franco\/wp-json\/wp\/v2\/product_tag?post=196"}],"curies":[{"name":"wp","href":"https:\/\/api.w.org\/{rel}","templated":true}]}}