{"id":194,"date":"2018-11-30T13:40:15","date_gmt":"2018-11-30T12:40:15","guid":{"rendered":"https:\/\/www.viverosfranco.com\/?post_type=product&#038;p=194"},"modified":"2024-09-18T16:02:38","modified_gmt":"2024-09-18T14:02:38","slug":"pinus-pinea-pinonero","status":"publish","type":"product","link":"https:\/\/www.viverosfranco.com\/viveros-franco\/producto\/pinus-pinea-pinonero\/","title":{"rendered":"Pinus pinaster (Rodeno)"},"content":{"rendered":"","protected":false},"excerpt":{"rendered":"<p>Es un \u00e1rbol de mediano tama\u00f1o 20 a 35 metros, de 1,2 m de tronco, excepcionalmente alcanza hasta 1,8 m, con frecuencia enroscado en la base. De corteza5\u200b rojo anaranjada, gruesa y profundamente agrietada sobre todo en la base. Copa irregular y abierta. Las ac\u00edculas se encuentran en pares, son gruesas y largas, de 12 a 22 cm de largo,de azul verdoso a amarillo verdoso. Las pi\u00f1as son c\u00f3nicas de 10 a 20 cm de largo y 4 a 6 cm de ancho cuando est\u00e1n cerradas.<\/p>\n<p><strong>Presentaci\u00f3n<\/strong><\/p>\n<table width=\"516\">\n<tbody>\n<tr>\n<td width=\"267\">Pinus Pinaster<\/td>\n<td width=\"79\">Alveolo Forestal<\/td>\n<td width=\"90\"><\/td>\n<td width=\"80\"><\/td>\n<\/tr>\n<\/tbody>\n<\/table>\n","protected":false},"featured_media":195,"template":"","meta":[],"product_cat":[19,29],"product_tag":[],"_links":{"self":[{"href":"https:\/\/www.viverosfranco.com\/viveros-franco\/wp-json\/wp\/v3\/product\/194"}],"collection":[{"href":"https:\/\/www.viverosfranco.com\/viveros-franco\/wp-json\/wp\/v3\/product"}],"about":[{"href":"https:\/\/www.viverosfranco.com\/viveros-franco\/wp-json\/wp\/v2\/types\/product"}],"version-history":[{"count":2,"href":"https:\/\/www.viverosfranco.com\/viveros-franco\/wp-json\/wp\/v3\/product\/194\/revisions"}],"predecessor-version":[{"id":31393,"href":"https:\/\/www.viverosfranco.com\/viveros-franco\/wp-json\/wp\/v3\/product\/194\/revisions\/31393"}],"wp:featuredmedia":[{"embeddable":true,"href":"https:\/\/www.viverosfranco.com\/viveros-franco\/wp-json\/wp\/v2\/media\/195"}],"wp:attachment":[{"href":"https:\/\/www.viverosfranco.com\/viveros-franco\/wp-json\/wp\/v2\/media?parent=194"}],"wp:term":[{"taxonomy":"product_cat","embeddable":true,"href":"https:\/\/www.viverosfranco.com\/viveros-franco\/wp-json\/wp\/v2\/product_cat?post=194"},{"taxonomy":"product_tag","embeddable":true,"href":"https:\/\/www.viverosfranco.com\/viveros-franco\/wp-json\/wp\/v2\/product_tag?post=194"}],"curies":[{"name":"wp","href":"https:\/\/api.w.org\/{rel}","templated":true}]}}