{"id":186,"date":"2018-11-30T11:35:30","date_gmt":"2018-11-30T10:35:30","guid":{"rendered":"https:\/\/www.viverosfranco.com\/?post_type=product&#038;p=186"},"modified":"2018-11-30T16:49:55","modified_gmt":"2018-11-30T15:49:55","slug":"pinus-halepensis-carrasco","status":"publish","type":"product","link":"https:\/\/www.viverosfranco.com\/viveros-franco\/producto\/pinus-halepensis-carrasco\/","title":{"rendered":"Pinus halepensis (Carrasco)"},"content":{"rendered":"","protected":false},"excerpt":{"rendered":"<p>Puede alcanzar los 25 m de altura. El tronco es macizo y tortuoso, de corteza gris blanquecina y copa irregular. Estr\u00f3bilos rojizos de forma oval de unos 10 cm de longitud. Ac\u00edculas largas agrupadas de dos en dos, muy flexibles y ligeramente amarillentas. Pi\u00f1as peque\u00f1as y pedunculadas. Es muy resistente a la aridez, las ramas y la corteza son gris\u00e1ceas. Las hojas tienen de 0,7 a 1 mm de anchura y de 3,5 a 7 cm de longitud y son de un verde amarillento.<\/p>\n<p><strong>Presentaci\u00f3n:<\/strong><\/p>\n<table width=\"516\">\n<tbody>\n<tr>\n<td width=\"267\">Pinus Halapensis (Carrasco)<\/td>\n<td width=\"79\">50\/75<\/td>\n<td width=\"90\">m. alto<\/td>\n<td width=\"80\">C-17<\/td>\n<\/tr>\n<tr>\n<td>Pinus Halapensis (Carrasco)<\/td>\n<td>75\/100<\/td>\n<td>m. alto<\/td>\n<td>C-17<\/td>\n<\/tr>\n<\/tbody>\n<\/table>\n","protected":false},"featured_media":187,"template":"","meta":[],"product_cat":[19],"product_tag":[],"_links":{"self":[{"href":"https:\/\/www.viverosfranco.com\/viveros-franco\/wp-json\/wp\/v3\/product\/186"}],"collection":[{"href":"https:\/\/www.viverosfranco.com\/viveros-franco\/wp-json\/wp\/v3\/product"}],"about":[{"href":"https:\/\/www.viverosfranco.com\/viveros-franco\/wp-json\/wp\/v2\/types\/product"}],"version-history":[{"count":0,"href":"https:\/\/www.viverosfranco.com\/viveros-franco\/wp-json\/wp\/v3\/product\/186\/revisions"}],"wp:featuredmedia":[{"embeddable":true,"href":"https:\/\/www.viverosfranco.com\/viveros-franco\/wp-json\/wp\/v2\/media\/187"}],"wp:attachment":[{"href":"https:\/\/www.viverosfranco.com\/viveros-franco\/wp-json\/wp\/v2\/media?parent=186"}],"wp:term":[{"taxonomy":"product_cat","embeddable":true,"href":"https:\/\/www.viverosfranco.com\/viveros-franco\/wp-json\/wp\/v2\/product_cat?post=186"},{"taxonomy":"product_tag","embeddable":true,"href":"https:\/\/www.viverosfranco.com\/viveros-franco\/wp-json\/wp\/v2\/product_tag?post=186"}],"curies":[{"name":"wp","href":"https:\/\/api.w.org\/{rel}","templated":true}]}}