{"id":174,"date":"2018-11-30T10:56:23","date_gmt":"2018-11-30T09:56:23","guid":{"rendered":"https:\/\/www.viverosfranco.com\/?post_type=product&#038;p=174"},"modified":"2018-11-30T10:59:52","modified_gmt":"2018-11-30T09:59:52","slug":"picea-albertiana-conica","status":"publish","type":"product","link":"https:\/\/www.viverosfranco.com\/viveros-franco\/producto\/picea-albertiana-conica\/","title":{"rendered":"Picea albertiana c\u00f3nica"},"content":{"rendered":"","protected":false},"excerpt":{"rendered":"<p>La P\u00edcea albertiana es un \u00e1rbol perennifolio de la familia de las pin\u00e1ceas (Pinaceae). Su origen se encuentra en Norteam\u00e9rica.<br \/>\nEs de peque\u00f1o tama\u00f1o, alcanzando los 2 a 3 metros de altura. Una de sus principales caracter\u00edsticas es que la planta adquiere una espesa copa de forma c\u00f3nica desde la base, que mantiene f\u00e1cilmente con el tiempo pues su crecimiento es muy lento.<\/p>\n<p>Presentaci\u00f3n:<\/p>\n<table width=\"516\">\n<tbody>\n<tr>\n<td width=\"267\">Picea Albertiana C\u00f3nica<\/td>\n<td width=\"79\">30\/40<\/td>\n<td width=\"90\">m. alto<\/td>\n<td width=\"80\">C-17<\/td>\n<\/tr>\n<tr>\n<td>Picea Albertiana C\u00f3nica<\/td>\n<td>40\/50<\/td>\n<td>m. alto<\/td>\n<td>C-22 TR<\/td>\n<\/tr>\n<tr>\n<td>Picea Albertiana C\u00f3nica<\/td>\n<td>50\/60<\/td>\n<td>m. alto<\/td>\n<td>C-30 TR<\/td>\n<\/tr>\n<tr>\n<td>Picea Albertiana C\u00f3nica<\/td>\n<td>70\/80<\/td>\n<td>m. alto<\/td>\n<td>C-35 TR<\/td>\n<\/tr>\n<tr>\n<td>Picea Albertiana C\u00f3nica<\/td>\n<td>80\/90<\/td>\n<td>m. alto<\/td>\n<td>C-40 TR<\/td>\n<\/tr>\n<tr>\n<td>Picea Albertiana C\u00f3nica<\/td>\n<td>mayores<\/td>\n<td>consultar<\/td>\n<td><\/td>\n<\/tr>\n<\/tbody>\n<\/table>\n","protected":false},"featured_media":175,"template":"","meta":[],"product_cat":[19],"product_tag":[],"_links":{"self":[{"href":"https:\/\/www.viverosfranco.com\/viveros-franco\/wp-json\/wp\/v3\/product\/174"}],"collection":[{"href":"https:\/\/www.viverosfranco.com\/viveros-franco\/wp-json\/wp\/v3\/product"}],"about":[{"href":"https:\/\/www.viverosfranco.com\/viveros-franco\/wp-json\/wp\/v2\/types\/product"}],"version-history":[{"count":0,"href":"https:\/\/www.viverosfranco.com\/viveros-franco\/wp-json\/wp\/v3\/product\/174\/revisions"}],"wp:featuredmedia":[{"embeddable":true,"href":"https:\/\/www.viverosfranco.com\/viveros-franco\/wp-json\/wp\/v2\/media\/175"}],"wp:attachment":[{"href":"https:\/\/www.viverosfranco.com\/viveros-franco\/wp-json\/wp\/v2\/media?parent=174"}],"wp:term":[{"taxonomy":"product_cat","embeddable":true,"href":"https:\/\/www.viverosfranco.com\/viveros-franco\/wp-json\/wp\/v2\/product_cat?post=174"},{"taxonomy":"product_tag","embeddable":true,"href":"https:\/\/www.viverosfranco.com\/viveros-franco\/wp-json\/wp\/v2\/product_tag?post=174"}],"curies":[{"name":"wp","href":"https:\/\/api.w.org\/{rel}","templated":true}]}}