{"id":169,"date":"2018-11-30T10:47:16","date_gmt":"2018-11-30T09:47:16","guid":{"rendered":"https:\/\/www.viverosfranco.com\/?post_type=product&#038;p=169"},"modified":"2018-11-30T10:47:17","modified_gmt":"2018-11-30T09:47:17","slug":"juniperus-scopulorum-skirocke","status":"publish","type":"product","link":"https:\/\/www.viverosfranco.com\/viveros-franco\/producto\/juniperus-scopulorum-skirocke\/","title":{"rendered":"Juniperus scopulorum skirocke"},"content":{"rendered":"","protected":false},"excerpt":{"rendered":"<p>Es un peque\u00f1o \u00e1rbol que alcanza un tama\u00f1o de 1.5 a 4.5 m (raramente hasta 6 m) de altura, con un tronco de hasta (rara vez 600 mm) 300 mm de di\u00e1metro. Los brotes son delgados, de 0,7-1,2 mm de di\u00e1metro. Las hojas est\u00e1n dispuestas en pares opuestos decusados, u ocasionalmente en verticilos de tres; las hojas adultas son escamosas, de 1-2 mm de largo y 1 a 1,5 mm de ancho.<\/p>\n<p>Presentaci\u00f3n:<\/p>\n<table width=\"516\">\n<tbody>\n<tr>\n<td width=\"267\">Juniperus Scopulorum Skirocke<\/td>\n<td width=\"79\">125\/175<\/td>\n<td width=\"90\">m. alto.<\/td>\n<td width=\"80\">C-25<\/td>\n<\/tr>\n<\/tbody>\n<\/table>\n","protected":false},"featured_media":170,"template":"","meta":[],"product_cat":[19],"product_tag":[],"_links":{"self":[{"href":"https:\/\/www.viverosfranco.com\/viveros-franco\/wp-json\/wp\/v3\/product\/169"}],"collection":[{"href":"https:\/\/www.viverosfranco.com\/viveros-franco\/wp-json\/wp\/v3\/product"}],"about":[{"href":"https:\/\/www.viverosfranco.com\/viveros-franco\/wp-json\/wp\/v2\/types\/product"}],"version-history":[{"count":0,"href":"https:\/\/www.viverosfranco.com\/viveros-franco\/wp-json\/wp\/v3\/product\/169\/revisions"}],"wp:featuredmedia":[{"embeddable":true,"href":"https:\/\/www.viverosfranco.com\/viveros-franco\/wp-json\/wp\/v2\/media\/170"}],"wp:attachment":[{"href":"https:\/\/www.viverosfranco.com\/viveros-franco\/wp-json\/wp\/v2\/media?parent=169"}],"wp:term":[{"taxonomy":"product_cat","embeddable":true,"href":"https:\/\/www.viverosfranco.com\/viveros-franco\/wp-json\/wp\/v2\/product_cat?post=169"},{"taxonomy":"product_tag","embeddable":true,"href":"https:\/\/www.viverosfranco.com\/viveros-franco\/wp-json\/wp\/v2\/product_tag?post=169"}],"curies":[{"name":"wp","href":"https:\/\/api.w.org\/{rel}","templated":true}]}}