{"id":153,"date":"2018-11-29T18:17:32","date_gmt":"2018-11-29T17:17:32","guid":{"rendered":"https:\/\/www.viverosfranco.com\/?post_type=product&#038;p=153"},"modified":"2018-11-29T18:18:04","modified_gmt":"2018-11-29T17:18:04","slug":"acer-pseudoplatanus","status":"publish","type":"product","link":"https:\/\/www.viverosfranco.com\/viveros-franco\/producto\/acer-pseudoplatanus\/","title":{"rendered":"Acer pseudoplatanus"},"content":{"rendered":"","protected":false},"excerpt":{"rendered":"<p>Es un \u00e1rbol elevado, que puede alcanzar hasta 30 m de altura, de copa amplia y ramas abiertas, con corteza lisa y gris\u00e1cea. Las hojas son caducas, palmeadas, divididas hasta la mitad de la l\u00e1mina en cinco l\u00f3bulos aovados, con los bordes provistos de gruesos dientes, algo desiguales, curvados en forma de sierra; su pec\u00edolo es muy largo y est\u00e1 en posici\u00f3n opuesta; son grandes, de unos 10 a 15 cm.<\/p>\n<p><strong>Presentaci\u00f3n:<\/strong><\/p>\n<table width=\"661\">\n<tbody>\n<tr>\n<td width=\"283\">Acer Pseudoplatanus<\/td>\n<td width=\"128\">1+1<\/td>\n<td width=\"90\">45\/60<\/td>\n<td width=\"80\">R\/D<\/td>\n<td width=\"80\"><\/td>\n<\/tr>\n<tr>\n<td>Acer Pseudoplatanus<\/td>\n<td>1+1<\/td>\n<td>60\/90<\/td>\n<td>R\/D<\/td>\n<td><\/td>\n<\/tr>\n<tr>\n<td>Acer Pseudoplatanus<\/td>\n<td>1+1<\/td>\n<td>90\/120<\/td>\n<td>R\/D<\/td>\n<td><\/td>\n<\/tr>\n<tr>\n<td>Acer Pseudoplatanus<\/td>\n<td>1+2<\/td>\n<td>120\/150<\/td>\n<td>R\/D<\/td>\n<td><\/td>\n<\/tr>\n<tr>\n<td>Acer Pseudoplatanus<\/td>\n<td>1+2<\/td>\n<td>150\/180<\/td>\n<td>R\/D<\/td>\n<td><\/td>\n<\/tr>\n<tr>\n<td>Acer Pseudoplatanus<\/td>\n<td>1+2<\/td>\n<td>180\/220<\/td>\n<td>R\/D<\/td>\n<td><\/td>\n<\/tr>\n<tr>\n<td>Acer Pseudoplatanus<\/td>\n<td>mayores<\/td>\n<td>consultar<\/td>\n<td><\/td>\n<td><\/td>\n<\/tr>\n<\/tbody>\n<\/table>\n<p>&nbsp;<\/p>\n<p>&nbsp;<\/p>\n","protected":false},"featured_media":154,"template":"","meta":[],"product_cat":[20],"product_tag":[],"_links":{"self":[{"href":"https:\/\/www.viverosfranco.com\/viveros-franco\/wp-json\/wp\/v3\/product\/153"}],"collection":[{"href":"https:\/\/www.viverosfranco.com\/viveros-franco\/wp-json\/wp\/v3\/product"}],"about":[{"href":"https:\/\/www.viverosfranco.com\/viveros-franco\/wp-json\/wp\/v2\/types\/product"}],"version-history":[{"count":0,"href":"https:\/\/www.viverosfranco.com\/viveros-franco\/wp-json\/wp\/v3\/product\/153\/revisions"}],"wp:featuredmedia":[{"embeddable":true,"href":"https:\/\/www.viverosfranco.com\/viveros-franco\/wp-json\/wp\/v2\/media\/154"}],"wp:attachment":[{"href":"https:\/\/www.viverosfranco.com\/viveros-franco\/wp-json\/wp\/v2\/media?parent=153"}],"wp:term":[{"taxonomy":"product_cat","embeddable":true,"href":"https:\/\/www.viverosfranco.com\/viveros-franco\/wp-json\/wp\/v2\/product_cat?post=153"},{"taxonomy":"product_tag","embeddable":true,"href":"https:\/\/www.viverosfranco.com\/viveros-franco\/wp-json\/wp\/v2\/product_tag?post=153"}],"curies":[{"name":"wp","href":"https:\/\/api.w.org\/{rel}","templated":true}]}}