{"id":149,"date":"2018-11-29T17:59:42","date_gmt":"2018-11-29T16:59:42","guid":{"rendered":"https:\/\/www.viverosfranco.com\/?post_type=product&#038;p=149"},"modified":"2018-11-29T17:59:43","modified_gmt":"2018-11-29T16:59:43","slug":"thuja-occidentalis-esmeralda","status":"publish","type":"product","link":"https:\/\/www.viverosfranco.com\/viveros-franco\/producto\/thuja-occidentalis-esmeralda\/","title":{"rendered":"Thuja occidentalis esmeralda"},"content":{"rendered":"","protected":false},"excerpt":{"rendered":"<p>Aunque est\u00e1 muy relacionada con Thuja plicata es solamente un peque\u00f1o \u00e1rbol, de 10-20 m de altura y 40 cm de di\u00e1metro de tronco, (excepcionalmente de 30 m y 16 dm di\u00e1metro). La corteza es rojo-parda, marcada por angostos, y estr\u00edas longitudinales. El follaje se forma en chatas ramitas con hojas de 3-5 mm de longitud. Los conos son delgados, amarillo-verdosos, y al madurar pardos, de 10-15 mm de long. y 4-5 mm de ancho, con 6-8 escamas sobrepuestas.<\/p>\n<p><strong>Presentaci\u00f3n:<\/strong><\/p>\n<table width=\"581\">\n<tbody>\n<tr>\n<td width=\"283\">Thuja Occidentalis Esmeralda<\/td>\n<td width=\"128\">40\/50<\/td>\n<td width=\"90\">m. alto<\/td>\n<td width=\"80\">C-17<\/td>\n<\/tr>\n<tr>\n<td>Thuja Occidentalis Esmeralda<\/td>\n<td>50\/75<\/td>\n<td>m. alto<\/td>\n<td>C-20<\/td>\n<\/tr>\n<tr>\n<td>Thuja Occidentalis Esmeralda<\/td>\n<td>75\/100<\/td>\n<td>m. alto<\/td>\n<td>C-30<\/td>\n<\/tr>\n<tr>\n<td>Thuja Occidentalis Esmeralda<\/td>\n<td>150\/175<\/td>\n<td>m. alto<\/td>\n<td>C-45<\/td>\n<\/tr>\n<tr>\n<td>Thuja Occidentalis Esmeralda<\/td>\n<td>175\/200<\/td>\n<td>m. alto<\/td>\n<td>C-55<\/td>\n<\/tr>\n<\/tbody>\n<\/table>\n","protected":false},"featured_media":150,"template":"","meta":[],"product_cat":[19],"product_tag":[],"_links":{"self":[{"href":"https:\/\/www.viverosfranco.com\/viveros-franco\/wp-json\/wp\/v3\/product\/149"}],"collection":[{"href":"https:\/\/www.viverosfranco.com\/viveros-franco\/wp-json\/wp\/v3\/product"}],"about":[{"href":"https:\/\/www.viverosfranco.com\/viveros-franco\/wp-json\/wp\/v2\/types\/product"}],"version-history":[{"count":0,"href":"https:\/\/www.viverosfranco.com\/viveros-franco\/wp-json\/wp\/v3\/product\/149\/revisions"}],"wp:featuredmedia":[{"embeddable":true,"href":"https:\/\/www.viverosfranco.com\/viveros-franco\/wp-json\/wp\/v2\/media\/150"}],"wp:attachment":[{"href":"https:\/\/www.viverosfranco.com\/viveros-franco\/wp-json\/wp\/v2\/media?parent=149"}],"wp:term":[{"taxonomy":"product_cat","embeddable":true,"href":"https:\/\/www.viverosfranco.com\/viveros-franco\/wp-json\/wp\/v2\/product_cat?post=149"},{"taxonomy":"product_tag","embeddable":true,"href":"https:\/\/www.viverosfranco.com\/viveros-franco\/wp-json\/wp\/v2\/product_tag?post=149"}],"curies":[{"name":"wp","href":"https:\/\/api.w.org\/{rel}","templated":true}]}}