{"id":147,"date":"2018-11-29T17:56:09","date_gmt":"2018-11-29T16:56:09","guid":{"rendered":"https:\/\/www.viverosfranco.com\/?post_type=product&#038;p=147"},"modified":"2018-11-29T17:56:10","modified_gmt":"2018-11-29T16:56:10","slug":"thuja-orientalis-piramidal-aurea","status":"publish","type":"product","link":"https:\/\/www.viverosfranco.com\/viveros-franco\/producto\/thuja-orientalis-piramidal-aurea\/","title":{"rendered":"Thuja orientalis piramidal aurea"},"content":{"rendered":"","protected":false},"excerpt":{"rendered":"<p>Con\u00edfera de porte estrechamente c\u00f3nico, que va ensanch\u00e1ndose con los a\u00f1os. Densamente ramificada, los nuevos brotes nacen de color amarillo dorado y en invierno se tornan amarillo verdoso.<\/p>\n<p>Presentaci\u00f3n:<\/p>\n<table width=\"581\">\n<tbody>\n<tr>\n<td width=\"283\">Thuja Orientalis Piramidal Aurea<\/td>\n<td width=\"128\">60\/80<\/td>\n<td width=\"90\">m. alto<\/td>\n<td width=\"80\">C-20<\/td>\n<\/tr>\n<tr>\n<td>Thuja Orientalis Piramidal Aurea<\/td>\n<td>125\/150<\/td>\n<td>m. alto<\/td>\n<td>cepe<\/td>\n<\/tr>\n<tr>\n<td>Thuja Orientalis Piramidal Aurea<\/td>\n<td>150\/175<\/td>\n<td>m. alto<\/td>\n<td>cepe<\/td>\n<\/tr>\n<tr>\n<td>Thuja Orientalis Piramidal Aurea<\/td>\n<td>175\/200<\/td>\n<td>m. alto<\/td>\n<td>cepe<\/td>\n<\/tr>\n<tr>\n<td>Thuja Orientalis Piramidal Aurea<\/td>\n<td>mayores<\/td>\n<td>consultar<\/td>\n<td><\/td>\n<\/tr>\n<\/tbody>\n<\/table>\n","protected":false},"featured_media":148,"template":"","meta":[],"product_cat":[19],"product_tag":[],"_links":{"self":[{"href":"https:\/\/www.viverosfranco.com\/viveros-franco\/wp-json\/wp\/v3\/product\/147"}],"collection":[{"href":"https:\/\/www.viverosfranco.com\/viveros-franco\/wp-json\/wp\/v3\/product"}],"about":[{"href":"https:\/\/www.viverosfranco.com\/viveros-franco\/wp-json\/wp\/v2\/types\/product"}],"version-history":[{"count":0,"href":"https:\/\/www.viverosfranco.com\/viveros-franco\/wp-json\/wp\/v3\/product\/147\/revisions"}],"wp:featuredmedia":[{"embeddable":true,"href":"https:\/\/www.viverosfranco.com\/viveros-franco\/wp-json\/wp\/v2\/media\/148"}],"wp:attachment":[{"href":"https:\/\/www.viverosfranco.com\/viveros-franco\/wp-json\/wp\/v2\/media?parent=147"}],"wp:term":[{"taxonomy":"product_cat","embeddable":true,"href":"https:\/\/www.viverosfranco.com\/viveros-franco\/wp-json\/wp\/v2\/product_cat?post=147"},{"taxonomy":"product_tag","embeddable":true,"href":"https:\/\/www.viverosfranco.com\/viveros-franco\/wp-json\/wp\/v2\/product_tag?post=147"}],"curies":[{"name":"wp","href":"https:\/\/api.w.org\/{rel}","templated":true}]}}