{"id":143,"date":"2018-11-29T17:42:14","date_gmt":"2018-11-29T16:42:14","guid":{"rendered":"https:\/\/www.viverosfranco.com\/?post_type=product&#038;p=143"},"modified":"2018-11-29T17:42:15","modified_gmt":"2018-11-29T16:42:15","slug":"thuja-plicata-atrovirens","status":"publish","type":"product","link":"https:\/\/www.viverosfranco.com\/viveros-franco\/producto\/thuja-plicata-atrovirens\/","title":{"rendered":"Thuja plicata atrovirens"},"content":{"rendered":"","protected":false},"excerpt":{"rendered":"<p>Es una con\u00edfera c\u00f3nica, de desarrollo r\u00e1pido, con ramificaciones grandes y curvadas. Resistente. Tiene la corteza de color pardo rojizo, desprende olor anan\u00e1s cuando se parten.<\/p>\n<p><strong>Presentaci\u00f3n:<\/strong><\/p>\n<table width=\"581\">\n<tbody>\n<tr>\n<td width=\"283\">Thuja Plicata Atrovirens<\/td>\n<td width=\"128\">40\/60<\/td>\n<td width=\"90\">m. alto<\/td>\n<td width=\"80\">C-10<\/td>\n<\/tr>\n<tr>\n<td>Thuja Plicata Atrovirens<\/td>\n<td>75\/100<\/td>\n<td>m. alto<\/td>\n<td>C-17<\/td>\n<\/tr>\n<tr>\n<td>Thuja Plicata Atrovirens<\/td>\n<td>100\/125<\/td>\n<td>m. alto<\/td>\n<td>C-20<\/td>\n<\/tr>\n<tr>\n<td>Thuja Plicata Atrovirens<\/td>\n<td>100\/125<\/td>\n<td>m. alto<\/td>\n<td>cepe<\/td>\n<\/tr>\n<tr>\n<td>Thuja Plicata Atrovirens<\/td>\n<td>125\/150<\/td>\n<td>m. alto<\/td>\n<td>cepe<\/td>\n<\/tr>\n<tr>\n<td>Thuja Plicata Atrovirens<\/td>\n<td>150\/175<\/td>\n<td>m. alto<\/td>\n<td>cepe<\/td>\n<\/tr>\n<tr>\n<td>Thuja Plicata Atrovirens<\/td>\n<td>175\/200<\/td>\n<td>m. alto<\/td>\n<td>cepe<\/td>\n<\/tr>\n<tr>\n<td>Thuja Plicata Atrovirens<\/td>\n<td>200\/250<\/td>\n<td>m. alto<\/td>\n<td>cepe<\/td>\n<\/tr>\n<tr>\n<td>Thuja Plicata Atrovirens<\/td>\n<td>250\/300<\/td>\n<td>m. alto<\/td>\n<td>cepe<\/td>\n<\/tr>\n<tr>\n<td>Thuja Plicata Atrovirens<\/td>\n<td>mayores<\/td>\n<td>consultar<\/td>\n<td><\/td>\n<\/tr>\n<\/tbody>\n<\/table>\n","protected":false},"featured_media":144,"template":"","meta":[],"product_cat":[19],"product_tag":[],"_links":{"self":[{"href":"https:\/\/www.viverosfranco.com\/viveros-franco\/wp-json\/wp\/v3\/product\/143"}],"collection":[{"href":"https:\/\/www.viverosfranco.com\/viveros-franco\/wp-json\/wp\/v3\/product"}],"about":[{"href":"https:\/\/www.viverosfranco.com\/viveros-franco\/wp-json\/wp\/v2\/types\/product"}],"version-history":[{"count":0,"href":"https:\/\/www.viverosfranco.com\/viveros-franco\/wp-json\/wp\/v3\/product\/143\/revisions"}],"wp:featuredmedia":[{"embeddable":true,"href":"https:\/\/www.viverosfranco.com\/viveros-franco\/wp-json\/wp\/v2\/media\/144"}],"wp:attachment":[{"href":"https:\/\/www.viverosfranco.com\/viveros-franco\/wp-json\/wp\/v2\/media?parent=143"}],"wp:term":[{"taxonomy":"product_cat","embeddable":true,"href":"https:\/\/www.viverosfranco.com\/viveros-franco\/wp-json\/wp\/v2\/product_cat?post=143"},{"taxonomy":"product_tag","embeddable":true,"href":"https:\/\/www.viverosfranco.com\/viveros-franco\/wp-json\/wp\/v2\/product_tag?post=143"}],"curies":[{"name":"wp","href":"https:\/\/api.w.org\/{rel}","templated":true}]}}