{"id":136,"date":"2018-11-29T17:16:10","date_gmt":"2018-11-29T16:16:10","guid":{"rendered":"https:\/\/www.viverosfranco.com\/?post_type=product&#038;p=136"},"modified":"2018-11-29T17:17:05","modified_gmt":"2018-11-29T16:17:05","slug":"acer-dissectum-viridis-verde","status":"publish","type":"product","link":"https:\/\/www.viverosfranco.com\/viveros-franco\/producto\/acer-dissectum-viridis-verde\/","title":{"rendered":"Acer dissectum viridis (Verde)"},"content":{"rendered":"","protected":false},"excerpt":{"rendered":"<p>Arbusto de exterior caduco que puede alcanzar los 3 m de altura. Posee un crecimiento lento. Sus hojas son de color verde con alg\u00fan tono rojizo al inicio, le gustan los suelos frescos, ricos en materia org\u00e1nica, soporta muy bien el fr\u00edo y puede cultivarse tanto al sol como en semi-sombra.<\/p>\n<p>Es utilizado como ejemplar aislado en jardiner\u00eda y para hacer alineaciones y paseos.<\/p>\n<p><strong>Presentaci\u00f3n:<\/strong><\/p>\n<table width=\"581\">\n<tbody>\n<tr>\n<td width=\"283\">Acer Dissectum Viridis (Verde)<\/td>\n<td rowspan=\"2\" width=\"128\"><\/td>\n<td rowspan=\"2\" width=\"90\"><\/td>\n<td rowspan=\"2\" width=\"80\">M-25<\/td>\n<\/tr>\n<\/tbody>\n<\/table>\n<table width=\"581\">\n<tbody>\n<tr>\n<td width=\"283\">Acer Dissectum Viridis (Verde)<\/td>\n<td rowspan=\"2\" width=\"128\">+1\/2 tronco<\/td>\n<td rowspan=\"2\" width=\"90\">+ejemplares<\/td>\n<td rowspan=\"2\" width=\"80\">M-25 +<\/td>\n<\/tr>\n<\/tbody>\n<\/table>\n","protected":false},"featured_media":137,"template":"","meta":[],"product_cat":[22],"product_tag":[],"_links":{"self":[{"href":"https:\/\/www.viverosfranco.com\/viveros-franco\/wp-json\/wp\/v3\/product\/136"}],"collection":[{"href":"https:\/\/www.viverosfranco.com\/viveros-franco\/wp-json\/wp\/v3\/product"}],"about":[{"href":"https:\/\/www.viverosfranco.com\/viveros-franco\/wp-json\/wp\/v2\/types\/product"}],"version-history":[{"count":0,"href":"https:\/\/www.viverosfranco.com\/viveros-franco\/wp-json\/wp\/v3\/product\/136\/revisions"}],"wp:featuredmedia":[{"embeddable":true,"href":"https:\/\/www.viverosfranco.com\/viveros-franco\/wp-json\/wp\/v2\/media\/137"}],"wp:attachment":[{"href":"https:\/\/www.viverosfranco.com\/viveros-franco\/wp-json\/wp\/v2\/media?parent=136"}],"wp:term":[{"taxonomy":"product_cat","embeddable":true,"href":"https:\/\/www.viverosfranco.com\/viveros-franco\/wp-json\/wp\/v2\/product_cat?post=136"},{"taxonomy":"product_tag","embeddable":true,"href":"https:\/\/www.viverosfranco.com\/viveros-franco\/wp-json\/wp\/v2\/product_tag?post=136"}],"curies":[{"name":"wp","href":"https:\/\/api.w.org\/{rel}","templated":true}]}}