{"id":30947,"date":"2023-04-05T11:45:47","date_gmt":"2023-04-05T09:45:47","guid":{"rendered":"https:\/\/www.viverosfranco.com\/viveros-franco\/?page_id=30947"},"modified":"2023-04-05T11:49:03","modified_gmt":"2023-04-05T09:49:03","slug":"declaracion-de-accesibilidad","status":"publish","type":"page","link":"https:\/\/www.viverosfranco.com\/viveros-franco\/declaracion-de-accesibilidad\/","title":{"rendered":"Declaraci\u00f3n de accesibilidad"},"content":{"rendered":"\t\t<div data-elementor-type=\"wp-page\" data-elementor-id=\"30947\" class=\"elementor elementor-30947\">\n\t\t\t\t\t\t\t\t\t<section class=\"elementor-section elementor-top-section elementor-element elementor-element-9368fbd elementor-section-boxed elementor-section-height-default elementor-section-height-default\" data-id=\"9368fbd\" data-element_type=\"section\">\n\t\t\t\t\t\t<div class=\"elementor-container elementor-column-gap-default\">\n\t\t\t\t\t<div class=\"elementor-column elementor-col-100 elementor-top-column elementor-element elementor-element-73a5261\" data-id=\"73a5261\" data-element_type=\"column\">\n\t\t\t<div class=\"elementor-widget-wrap elementor-element-populated\">\n\t\t\t\t\t\t\t\t<div class=\"elementor-element elementor-element-8afbb6f elementor-widget elementor-widget-text-editor\" data-id=\"8afbb6f\" data-element_type=\"widget\" data-widget_type=\"text-editor.default\">\n\t\t\t\t<div class=\"elementor-widget-container\">\n\t\t\t<style>\/*! elementor - v3.11.5 - 14-03-2023 *\/\n.elementor-widget-text-editor.elementor-drop-cap-view-stacked .elementor-drop-cap{background-color:#818a91;color:#fff}.elementor-widget-text-editor.elementor-drop-cap-view-framed .elementor-drop-cap{color:#818a91;border:3px solid;background-color:transparent}.elementor-widget-text-editor:not(.elementor-drop-cap-view-default) .elementor-drop-cap{margin-top:8px}.elementor-widget-text-editor:not(.elementor-drop-cap-view-default) .elementor-drop-cap-letter{width:1em;height:1em}.elementor-widget-text-editor .elementor-drop-cap{float:left;text-align:center;line-height:1;font-size:50px}.elementor-widget-text-editor .elementor-drop-cap-letter{display:inline-block}<\/style>\t\t\t\t<section class=\" sidebar-page-container pt_120 pb_120 \"><div class=\"auto-container\"><div class=\"row clearfix\"><div class=\"content-side col-12\"><div class=\"wp-style\"><div class=\"text\"><p>Antonio Alvari\u00f1o, SL se ha comprometido a hacer accesible su sitio web, de conformidad con el <a href=\"http:\/\/www.boe.es\/diario_boe\/txt.php?id=BOE-A-2018-12699\" target=\"_blank\" rel=\"noreferrer noopener\">Real Decreto 1112\/2018, de 7 de septiembre, sobre accesibilidad de los sitios web y aplicaciones para dispositivos m\u00f3viles del sector p\u00fablico<\/a>, o desarrollos financiados desde Europa.<\/p><p>La presente declaraci\u00f3n de accesibilidad se aplica al sitio web\u00a0https:\/\/viverosfranco.com:<\/p><h3 id=\"situaciondecumplimiento\">SITUACI\u00d3N DE CUMPLIMIENTO<\/h3><p>Este sitio web es parcialmente conforme con el\u00a0<a href=\"http:\/\/www.boe.es\/diario_boe\/txt.php?id=BOE-A-2018-12699\" target=\"_blank\" rel=\"noreferrer noopener\">RD 1112\/2018<\/a>\u00a0debido a las excepciones y a la falta de conformidad de los aspectos que se indican en el siguiente punto.<\/p><h3 id=\"contenidonoaccesible\">CONTENIDO NO ACCESIBLE<\/h3><p>El contenido que se recoge a continuaci\u00f3n no es accesible por lo siguiente:<\/p><p><strong>Falta de conformidad con el RD 1112\/2018<\/strong><\/p><p>Podr\u00edan existir algunos aspectos de contraste que no cumplan los m\u00ednimos exigidos, 3:1, con respecto a los colores adyacentes del fondo de la secci\u00f3n de la web en cuesti\u00f3n. [9.1.4.11 Contraste no textual]<\/p><p>Podr\u00edan existir algunos elementos no textuales no etiquetados correctamente [2.5.3 Etiqueta en el nombre] y [4.1.2 Nombre funci\u00f3n y valor]<\/p><p>Los buscadores buscan autom\u00e1ticamente sin necesidad de ordenar ninguna acci\u00f3n por parte del usuario [3.2.2 Al recibir entradas]<\/p><p>Podr\u00edan existir algunos textos en otro idioma no etiquetados correctamente [3.1.2 Idioma de las partes]<\/p><p>Podr\u00edan existir errores de c\u00f3digo puntuales de edici\u00f3n en alguna p\u00e1gina web. [4.1.1 Procesamiento]<\/p><p><strong>Carga desproporcionada<\/strong><\/p><p>No aplica.<\/p><p><strong>El contenido no entra dentro del \u00e1mbito de la legislaci\u00f3n aplicable<\/strong><\/p><p>Podr\u00edan existir archivos ofim\u00e1ticos en PDF u otros formatos publicados antes del 20 de septiembre de 2018 que no cumplan en su totalidad todos los requisitos de accesibilidad. Aunque se ha procurado que la mayor\u00eda de ellos s\u00ed lo cumplan.<\/p><h3 id=\"preparaciondelasiguientedeclaraciondeaccesibilidad\">PREPARACI\u00d3N DE LA SIGUIENTE DECLARACI\u00d3N DE ACCESIBILIDAD<\/h3><p>La presente declaraci\u00f3n fue preparada el 5 de abril de 2023.<\/p><p>El m\u00e9todo empleado para preparar la declaraci\u00f3n ha sido una autoevaluaci\u00f3n llevada a cabo por la propia empresa.<\/p><p>La Declaraci\u00f3n de Accesibilidad ha sido revisada y actualizada en abril de 2023.<\/p><h3 id=\"observacionesydatosdecontacto\">OBSERVACIONES Y DATOS DE CONTACTO<\/h3><p>Puede realizar comunicaciones sobre requisitos de accesibilidad (articulo 10.2.a del RD 1112\/2018) como por ejemplo:<\/p><ul><li>Informar sobre cualquier posible incumplimiento por parte de este sitio web<\/li><li>Transmitir otras dificultades de acceso al contenido<\/li><li>Formular cualquier otra consulta o sugerencia de mejora relativa a la accesibilidad del sitio web<\/li><\/ul><p>A trav\u00e9s del\u00a0<a href=\"https:\/\/www.viverosfranco.com\/viveros-franco\/contacto\/\">formulario de contacto<\/a> de este sitio web o a trav\u00e9s del n\u00famero de tel\u00e9fono (+34) 982 50 25 68.<\/p><h3 id=\"contenidoopcional\">CONTENIDO OPCIONAL<\/h3><p>Este portal esta dise\u00f1ado para poder cambiar el tama\u00f1o del texto y el color, as\u00ed\u00a0como el fondo de la pagina mediante las opciones de configuraci\u00f3n est\u00e1ndar de los navegadores.<\/p><p>Si desea cambiar el tama\u00f1o de letra del texto en los principales navegadores gr\u00e1ficos utilice los siguientes men\u00fas:<\/p><ul><li>Internet Explorer, Mozilla y Firefox: Ver &gt; Tama\u00f1o del texto<\/li><li>Opera: Ver &gt; Zoom<\/li><li>Safari: Ver &gt; Hacer el texto mas grande<\/li><li>Chrome: Controla la pagina actual &gt; Tama\u00f1o del texto<\/li><li>Para modificar el tama\u00f1o de todo en la pagina:<ul><li>Ctrl + + para aumentarlo<\/li><li>Ctrl + \u2013 para disminuirlo<\/li><li>Ctrl + 0 restaura el tama\u00f1o original del texto<\/li><li>Si lo que quiere es anular la hoja de estilos o modificar el color del texto, puede consultar la pagina\u00a0How to Change Text Size or Colors\u00a0de la WAI, que se puede leer traducida al espa\u00f1ol en \u00bfC\u00f3mo cambiar el tama\u00f1o del texto o colores?<\/li><\/ul><\/li><\/ul><\/div><\/div><\/div><\/div><\/div><\/section>\t\t\t\t\t\t<\/div>\n\t\t\t\t<\/div>\n\t\t\t\t\t<\/div>\n\t\t<\/div>\n\t\t\t\t\t\t\t<\/div>\n\t\t<\/section>\n\t\t\t\t\t\t\t<\/div>\n\t\t","protected":false},"excerpt":{"rendered":"<p>Antonio Alvari\u00f1o, SL se ha comprometido a hacer accesible su sitio web, de conformidad con el Real Decreto 1112\/2018, de 7 de septiembre, sobre accesibilidad de los sitios web y aplicaciones para dispositivos m\u00f3viles del sector p\u00fablico, o desarrollos financiados desde Europa. La presente declaraci\u00f3n de accesibilidad se aplica al sitio web\u00a0https:\/\/viverosfranco.com: SITUACI\u00d3N DE CUMPLIMIENTO [&hellip;]<\/p>\n","protected":false},"author":1,"featured_media":0,"parent":0,"menu_order":0,"comment_status":"closed","ping_status":"closed","template":"","meta":[],"_links":{"self":[{"href":"https:\/\/www.viverosfranco.com\/viveros-franco\/wp-json\/wp\/v2\/pages\/30947"}],"collection":[{"href":"https:\/\/www.viverosfranco.com\/viveros-franco\/wp-json\/wp\/v2\/pages"}],"about":[{"href":"https:\/\/www.viverosfranco.com\/viveros-franco\/wp-json\/wp\/v2\/types\/page"}],"author":[{"embeddable":true,"href":"https:\/\/www.viverosfranco.com\/viveros-franco\/wp-json\/wp\/v2\/users\/1"}],"replies":[{"embeddable":true,"href":"https:\/\/www.viverosfranco.com\/viveros-franco\/wp-json\/wp\/v2\/comments?post=30947"}],"version-history":[{"count":7,"href":"https:\/\/www.viverosfranco.com\/viveros-franco\/wp-json\/wp\/v2\/pages\/30947\/revisions"}],"predecessor-version":[{"id":30954,"href":"https:\/\/www.viverosfranco.com\/viveros-franco\/wp-json\/wp\/v2\/pages\/30947\/revisions\/30954"}],"wp:attachment":[{"href":"https:\/\/www.viverosfranco.com\/viveros-franco\/wp-json\/wp\/v2\/media?parent=30947"}],"curies":[{"name":"wp","href":"https:\/\/api.w.org\/{rel}","templated":true}]}}