{"id":74,"date":"2018-11-29T12:16:48","date_gmt":"2018-11-29T11:16:48","guid":{"rendered":"https:\/\/www.viverosfranco.com\/product\/import-placeholder-for-323\/"},"modified":"2018-11-29T12:17:59","modified_gmt":"2018-11-29T11:17:59","slug":"cedrus-deodara-robusta","status":"publish","type":"product","link":"https:\/\/www.viverosfranco.com\/gl\/producto\/cedrus-deodara-robusta\/","title":{"rendered":"Cedrus deodara robusta"},"content":{"rendered":"","protected":false},"excerpt":{"rendered":"<p>Las hojas de la Con\u00edfera Cedrus atlantica \u2018Robusta Aurea\u2019 son Persistentes Aciculares agudas, esparcidas en grupos de ramilletes, sobre ramas cortas..En cuanto a los frutos de Cedrus atlantica \u2018Robusta Aurea\u2019 suele crearlos en Oto\u00f1o y son frutos de color Marr\u00f3n y son bellos.Cedrus atlantica \u2018Robusta Aurea\u2019 tiene hojas persistentes eso implica que a lo largo de todo el a\u00f1o mantiene todas sus hojas y siempre lo observaremos con hojas.la Con\u00edfera conserva el follaje de su color habitual todo el a\u00f1o, incluso en oto\u00f1o. Esta planta no requiere poda, por lo que los mantenimientos son mucho inferiores que en otras especies.<\/p>\n<p><strong>Presentaciones:<\/strong><\/p>\n<table width=\"516\">\n<tbody>\n<tr>\n<td width=\"267\">Cedrus Deodara Robusta<\/td>\n<td width=\"79\">175\/200<\/td>\n<td width=\"90\">m. alto<\/td>\n<td width=\"80\">C-30<\/td>\n<\/tr>\n<\/tbody>\n<\/table>\n","protected":false},"featured_media":92,"template":"","meta":[],"product_cat":[19],"product_tag":[],"_links":{"self":[{"href":"https:\/\/www.viverosfranco.com\/gl\/wp-json\/wp\/v3\/product\/74"}],"collection":[{"href":"https:\/\/www.viverosfranco.com\/gl\/wp-json\/wp\/v3\/product"}],"about":[{"href":"https:\/\/www.viverosfranco.com\/gl\/wp-json\/wp\/v2\/types\/product"}],"version-history":[{"count":0,"href":"https:\/\/www.viverosfranco.com\/gl\/wp-json\/wp\/v3\/product\/74\/revisions"}],"wp:featuredmedia":[{"embeddable":true,"href":"https:\/\/www.viverosfranco.com\/gl\/wp-json\/wp\/v2\/media\/92"}],"wp:attachment":[{"href":"https:\/\/www.viverosfranco.com\/gl\/wp-json\/wp\/v2\/media?parent=74"}],"wp:term":[{"taxonomy":"product_cat","embeddable":true,"href":"https:\/\/www.viverosfranco.com\/gl\/wp-json\/wp\/v2\/product_cat?post=74"},{"taxonomy":"product_tag","embeddable":true,"href":"https:\/\/www.viverosfranco.com\/gl\/wp-json\/wp\/v2\/product_tag?post=74"}],"curies":[{"name":"wp","href":"https:\/\/api.w.org\/{rel}","templated":true}]}}