{"id":73,"date":"2018-11-29T12:16:47","date_gmt":"2018-11-29T11:16:47","guid":{"rendered":"https:\/\/www.viverosfranco.com\/product\/import-placeholder-for-321\/"},"modified":"2018-12-11T17:40:17","modified_gmt":"2018-12-11T16:40:17","slug":"cedrus-deodara","status":"publish","type":"product","link":"https:\/\/www.viverosfranco.com\/gl\/producto\/cedrus-deodara\/","title":{"rendered":"Cedrus deodara"},"content":{"rendered":"","protected":false},"excerpt":{"rendered":"<p>Cedrus deodara, com\u00fanmente llamado cedro del Himalaya, cedro deodar o cedro de la India, es una especie perteneciente a la familia Pinaceae, nativa del oeste del Himalaya, este de Afganist\u00e1n, Pakist\u00e1n, noroeste y norte y centro de India, sudoeste del T\u00edbet y oeste de Nepal, desarroll\u00e1ndose a 1500-3200 m de altitud.<\/p>\n<p>Es una gran con\u00edfera de porte c\u00f3nico que alcanza los 40-50 metros de altura, alcanzando excepcionalmente los 60 m con un tronco de 3 metros de di\u00e1metro.<\/p>\n<p>Las hojas son aciculares de 2,5-5 cm de longitud, llegando a los 7 cm de longitud, y 1 mm de ancho, de color verde brillante o verde-azulado. Las pi\u00f1as son de 7-13 cm de longitud y 5-9 cm de ancho, se desintegran cuando maduran para lanzar las semillas aladas.\u200b<\/p>\n<p><strong>Presentaciones:<\/strong><\/p>\n<table width=\"516\">\n<tbody>\n<tr>\n<td width=\"267\">Cedrus Deodara<\/td>\n<td width=\"79\">100\/125<\/td>\n<td width=\"90\">m. alto<\/td>\n<td width=\"80\">C-30<\/td>\n<\/tr>\n<tr>\n<td>Cedrus Deodara<\/td>\n<td>200\/250<\/td>\n<td>m. alto<\/td>\n<td>C-40<\/td>\n<\/tr>\n<tr>\n<td>Cedrus Deodara<\/td>\n<td>mayores<\/td>\n<td>consultar<\/td>\n<td><\/td>\n<\/tr>\n<\/tbody>\n<\/table>\n<p>&nbsp;<\/p>\n","protected":false},"featured_media":91,"template":"","meta":[],"product_cat":[19,29],"product_tag":[],"_links":{"self":[{"href":"https:\/\/www.viverosfranco.com\/gl\/wp-json\/wp\/v3\/product\/73"}],"collection":[{"href":"https:\/\/www.viverosfranco.com\/gl\/wp-json\/wp\/v3\/product"}],"about":[{"href":"https:\/\/www.viverosfranco.com\/gl\/wp-json\/wp\/v2\/types\/product"}],"version-history":[{"count":0,"href":"https:\/\/www.viverosfranco.com\/gl\/wp-json\/wp\/v3\/product\/73\/revisions"}],"wp:featuredmedia":[{"embeddable":true,"href":"https:\/\/www.viverosfranco.com\/gl\/wp-json\/wp\/v2\/media\/91"}],"wp:attachment":[{"href":"https:\/\/www.viverosfranco.com\/gl\/wp-json\/wp\/v2\/media?parent=73"}],"wp:term":[{"taxonomy":"product_cat","embeddable":true,"href":"https:\/\/www.viverosfranco.com\/gl\/wp-json\/wp\/v2\/product_cat?post=73"},{"taxonomy":"product_tag","embeddable":true,"href":"https:\/\/www.viverosfranco.com\/gl\/wp-json\/wp\/v2\/product_tag?post=73"}],"curies":[{"name":"wp","href":"https:\/\/api.w.org\/{rel}","templated":true}]}}