{"id":72,"date":"2018-11-29T12:16:46","date_gmt":"2018-11-29T11:16:46","guid":{"rendered":"https:\/\/www.viverosfranco.com\/product\/import-placeholder-for-318\/"},"modified":"2018-11-29T16:17:25","modified_gmt":"2018-11-29T15:17:25","slug":"cedrus-atlantica-glauca","status":"publish","type":"product","link":"https:\/\/www.viverosfranco.com\/gl\/producto\/cedrus-atlantica-glauca\/","title":{"rendered":"Cedrus atl\u00e1ntica glauca"},"content":{"rendered":"","protected":false},"excerpt":{"rendered":"<p>Es un \u00e1rbol de tama\u00f1o mediano a grande, de 30 a 35 m (raramente llegan a 40 m) de alto, con un di\u00e1metro del tronco de 1.5 a 2 m. Es muy similar en todos los caracteres a las otras variedades de cedro de L\u00edbano. Las diferencias son dif\u00edcilmente discernibles. El tama\u00f1o del cono macho tiende a ser algo m\u00e1s peque\u00f1o (aunque est\u00e9 registrado que alcanza hasta 12 cm, s\u00f3lo raramente llegan a los 9 cm de largo, comparado con los hasta 10 cm en las variedades brevifolia , y 12 cm en vars. stenocoma y libani) sin embargo en determinadas condiciones (todos puede ser tan cortos como de 6 cm), mientras que la longitud de la hoja (de 10 a 25 mil\u00edmetros) es similar a las variedades stenocoma, en m\u00e1s largo que la media en las variedades brevifolia y m\u00e1s corto que las variedades libani, pero otra vez en condiciones especiales.<\/p>\n<p><strong>Presentaciones:<\/strong><\/p>\n<table width=\"516\">\n<tbody>\n<tr>\n<td width=\"267\">Cedrus Atl\u00e1ntica Glauca<\/td>\n<td width=\"79\">150\/160<\/td>\n<td width=\"90\">m. alto<\/td>\n<td width=\"80\">C-40<\/td>\n<\/tr>\n<tr>\n<td>Cedrus Atl\u00e1ntica Glauca<\/td>\n<td>175\/200<\/td>\n<td>m. alto<\/td>\n<td>C-40<\/td>\n<\/tr>\n<tr>\n<td>Cedrus Atl\u00e1ntica Glauca<\/td>\n<td>200\/225<\/td>\n<td>m. alto<\/td>\n<td><\/td>\n<\/tr>\n<tr>\n<td>Cedrus Atl\u00e1ntica Glauca<\/td>\n<td>250\/300<\/td>\n<td>m. alto<\/td>\n<td><\/td>\n<\/tr>\n<tr>\n<td>Cedrus Atl\u00e1ntica Glauca<\/td>\n<td>300\/400<\/td>\n<td>m. alto<\/td>\n<td><\/td>\n<\/tr>\n<\/tbody>\n<\/table>\n","protected":false},"featured_media":90,"template":"","meta":[],"product_cat":[19],"product_tag":[],"_links":{"self":[{"href":"https:\/\/www.viverosfranco.com\/gl\/wp-json\/wp\/v3\/product\/72"}],"collection":[{"href":"https:\/\/www.viverosfranco.com\/gl\/wp-json\/wp\/v3\/product"}],"about":[{"href":"https:\/\/www.viverosfranco.com\/gl\/wp-json\/wp\/v2\/types\/product"}],"version-history":[{"count":0,"href":"https:\/\/www.viverosfranco.com\/gl\/wp-json\/wp\/v3\/product\/72\/revisions"}],"wp:featuredmedia":[{"embeddable":true,"href":"https:\/\/www.viverosfranco.com\/gl\/wp-json\/wp\/v2\/media\/90"}],"wp:attachment":[{"href":"https:\/\/www.viverosfranco.com\/gl\/wp-json\/wp\/v2\/media?parent=72"}],"wp:term":[{"taxonomy":"product_cat","embeddable":true,"href":"https:\/\/www.viverosfranco.com\/gl\/wp-json\/wp\/v2\/product_cat?post=72"},{"taxonomy":"product_tag","embeddable":true,"href":"https:\/\/www.viverosfranco.com\/gl\/wp-json\/wp\/v2\/product_tag?post=72"}],"curies":[{"name":"wp","href":"https:\/\/api.w.org\/{rel}","templated":true}]}}