{"id":71,"date":"2018-11-29T12:16:46","date_gmt":"2018-11-29T11:16:46","guid":{"rendered":"https:\/\/www.viverosfranco.com\/product\/import-placeholder-for-316\/"},"modified":"2018-11-29T12:17:46","modified_gmt":"2018-11-29T11:17:46","slug":"abies-pinsapo","status":"publish","type":"product","link":"https:\/\/www.viverosfranco.com\/gl\/producto\/abies-pinsapo\/","title":{"rendered":"Abies pinsapo"},"content":{"rendered":"","protected":false},"excerpt":{"rendered":"<p>\u00c1rbol de hasta 30 m, de porte elegante y piramidal que, en algunos ejemplares viejos se torna retorcido o dividido en varios brazos (al ejemplar que presenta varios brazos se le denomina &#8220;Pinsapo candelabro&#8221;). Se caracteriza por una corteza fina, de color gris claro y con grietas oscuras de poca profundidad en los ejemplares maduros.<\/p>\n<p>Las ramas del pinsapo se disponen en verticilos que decrecen en longitud a medida que se acercan al \u00e1pice.<\/p>\n<p>Tiene Hojas gruesas, r\u00edgidas y punzantes, de secci\u00f3n subcuadrangular, de color verde oscuro y con bandas estom\u00e1ticas blancas apreciables en ambas caras. Tienden a disponerse de forma helicoidal sobre las ramillas.<\/p>\n<p><strong>Presentaciones:<\/strong><\/p>\n<table width=\"516\">\n<tbody>\n<tr>\n<td width=\"267\">Abbies Pinsapo<\/td>\n<td width=\"79\">60\/80<\/td>\n<td width=\"90\">m. alto<\/td>\n<td width=\"80\">maceta<\/td>\n<\/tr>\n<tr>\n<td>Abbies Pinsapo<\/td>\n<td>mayores<\/td>\n<td>consultar<\/td>\n<td><\/td>\n<\/tr>\n<\/tbody>\n<\/table>\n<p>&nbsp;<\/p>\n","protected":false},"featured_media":89,"template":"","meta":[],"product_cat":[19],"product_tag":[],"_links":{"self":[{"href":"https:\/\/www.viverosfranco.com\/gl\/wp-json\/wp\/v3\/product\/71"}],"collection":[{"href":"https:\/\/www.viverosfranco.com\/gl\/wp-json\/wp\/v3\/product"}],"about":[{"href":"https:\/\/www.viverosfranco.com\/gl\/wp-json\/wp\/v2\/types\/product"}],"version-history":[{"count":0,"href":"https:\/\/www.viverosfranco.com\/gl\/wp-json\/wp\/v3\/product\/71\/revisions"}],"wp:featuredmedia":[{"embeddable":true,"href":"https:\/\/www.viverosfranco.com\/gl\/wp-json\/wp\/v2\/media\/89"}],"wp:attachment":[{"href":"https:\/\/www.viverosfranco.com\/gl\/wp-json\/wp\/v2\/media?parent=71"}],"wp:term":[{"taxonomy":"product_cat","embeddable":true,"href":"https:\/\/www.viverosfranco.com\/gl\/wp-json\/wp\/v2\/product_cat?post=71"},{"taxonomy":"product_tag","embeddable":true,"href":"https:\/\/www.viverosfranco.com\/gl\/wp-json\/wp\/v2\/product_tag?post=71"}],"curies":[{"name":"wp","href":"https:\/\/api.w.org\/{rel}","templated":true}]}}