{"id":70,"date":"2018-11-29T12:16:45","date_gmt":"2018-11-29T11:16:45","guid":{"rendered":"https:\/\/www.viverosfranco.com\/product\/import-placeholder-for-313\/"},"modified":"2018-11-29T13:36:04","modified_gmt":"2018-11-29T12:36:04","slug":"abies-masjoani-y-nordmanniana","status":"publish","type":"product","link":"https:\/\/www.viverosfranco.com\/gl\/producto\/abies-masjoani-y-nordmanniana\/","title":{"rendered":"Abies masjoani y nordmanniana"},"content":{"rendered":"","protected":false},"excerpt":{"rendered":"<p style=\"text-align: justify;\">Con\u00edfera\u00a0de hasta 30 metros de altura, con un\u00a0tronco\u00a0recto de\u00a0corteza\u00a0entre blanquecina y gris\u00e1cea. El porte es c\u00f3nico, con\u00a0ramas\u00a0ascendentes en la copa y entre colgantes o revueltas en la base. Tiene crecimiento lento. Se cree que puede alcanzar 300 a\u00f1os de edad, pero los m\u00e1s viejos que se conocen en 2014 solamente tienen alrededor de cien a\u00f1os.<\/p>\n<p style=\"text-align: justify;\"><sup id=\"cite_ref-3\" class=\"reference separada\"><\/sup>En la d\u00e9cada de 1950, Nicolau Masferre descubri\u00f3 por casualidad, dentro de su finca del\u00a0Montseny, un\u00a0abeto\u00a0surgido por la mezcla espont\u00e1nea entre los\u00a0abetos blancos\u00a0y los\u00a0pinsapos que en ella cultivaba.<sup id=\"cite_ref-retiro_1-0\" class=\"reference separada\"><a href=\"https:\/\/es.wikipedia.org\/wiki\/Abies_x_masjoannis#cite_note-retiro-1\">1<\/a><\/sup>\u200b Tras su descubrimiento se enviaron a\u00a0Madrid\u00a0quinientos ejemplares para un estudio que acab\u00f3 por confirmar que se trataba de una nueva\u00a0especie\u00a0de \u00e1rbol. A partir de 1960, este abeto comenz\u00f3 a utilizarse en el\u00a0parque del Retiro\u00a0y en otros jardines de\u00a0Espa\u00f1a.\u200b<\/p>\n<p>Presentaci\u00f3n<\/p>\n<table width=\"516\">\n<tbody>\n<tr>\n<td width=\"267\">Abbies Masjoani y Normandiana<\/td>\n<td width=\"79\">100\/125<\/td>\n<td width=\"90\">m. alto.<\/td>\n<td width=\"80\">cepe<\/td>\n<\/tr>\n<tr>\n<td>Abbies Masjoani y Normandiana<\/td>\n<td>125\/150<\/td>\n<td>m. alto.<\/td>\n<td>cepe<\/td>\n<\/tr>\n<tr>\n<td>Abbies Masjoani y Normandiana<\/td>\n<td>150\/175<\/td>\n<td>m. alto.<\/td>\n<td>cepe<\/td>\n<\/tr>\n<tr>\n<td>Abbies Masjoani y Normandiana<\/td>\n<td>mayores<\/td>\n<td>consultar<\/td>\n<td><\/td>\n<\/tr>\n<\/tbody>\n<\/table>\n<p>&nbsp;<\/p>\n<p>&nbsp;<\/p>\n","protected":false},"featured_media":88,"template":"","meta":[],"product_cat":[19],"product_tag":[],"_links":{"self":[{"href":"https:\/\/www.viverosfranco.com\/gl\/wp-json\/wp\/v3\/product\/70"}],"collection":[{"href":"https:\/\/www.viverosfranco.com\/gl\/wp-json\/wp\/v3\/product"}],"about":[{"href":"https:\/\/www.viverosfranco.com\/gl\/wp-json\/wp\/v2\/types\/product"}],"version-history":[{"count":0,"href":"https:\/\/www.viverosfranco.com\/gl\/wp-json\/wp\/v3\/product\/70\/revisions"}],"wp:featuredmedia":[{"embeddable":true,"href":"https:\/\/www.viverosfranco.com\/gl\/wp-json\/wp\/v2\/media\/88"}],"wp:attachment":[{"href":"https:\/\/www.viverosfranco.com\/gl\/wp-json\/wp\/v2\/media?parent=70"}],"wp:term":[{"taxonomy":"product_cat","embeddable":true,"href":"https:\/\/www.viverosfranco.com\/gl\/wp-json\/wp\/v2\/product_cat?post=70"},{"taxonomy":"product_tag","embeddable":true,"href":"https:\/\/www.viverosfranco.com\/gl\/wp-json\/wp\/v2\/product_tag?post=70"}],"curies":[{"name":"wp","href":"https:\/\/api.w.org\/{rel}","templated":true}]}}