{"id":67,"date":"2018-11-29T12:16:44","date_gmt":"2018-11-29T11:16:44","guid":{"rendered":"https:\/\/www.viverosfranco.com\/product\/import-placeholder-for-239\/"},"modified":"2020-04-06T16:39:09","modified_gmt":"2020-04-06T14:39:09","slug":"abies-excelsa-abeto","status":"publish","type":"product","link":"https:\/\/www.viverosfranco.com\/gl\/producto\/abies-excelsa-abeto\/","title":{"rendered":"Abies excelsa (Abeto)"},"content":{"rendered":"","protected":false},"excerpt":{"rendered":"<p>Tambi\u00e9n llamado Abeto rojo, Arbol de Navidad.\u00a0El g\u00e9nero Abies comprende 40 especies extendidas en las regiones templadas de Asia, Am\u00e9rica del Norte, Norte de \u00c1frica y Sur de Europa y de forma sint\u00e9tica, los Abies se pueden definir como grandes \u00e1rboles de forma muy geom\u00e9trica, de hojas aciculares persistentes.<br \/>\nA menudo se los confunde con la Piceas, de las que se diferencian por sus conos erectos (suspendidos en las Piceas), y por la forma en que sus hojas se unen a las ramas: las de los Abies se unen directamente, mientras que en las Piceas lo hacen a trav\u00e9s de un min\u00fasculo peciolo.<\/p>\n<table class=\"features-table\" width=\"117%\">\n<thead>\n<tr>\n<td style=\"text-align: center;\" width=\"45%\">Plantas Con\u00edferas<\/td>\n<td style=\"text-align: center;\" width=\"20%\">Tama\u00f1o<\/td>\n<td width=\"15%\"><\/td>\n<td width=\"13%\">Presentaci\u00f3n<\/td>\n<\/tr>\n<\/thead>\n<\/table>\n<table class=\"features-table\" width=\"117%\">\n<tbody>\n<tr>\n<td>Abbies\u00a0 Excelsa (Abeto)<\/td>\n<td>100\/125<\/td>\n<td>m. alto<\/td>\n<td width=\"13%\">cepe<\/td>\n<\/tr>\n<tr>\n<td>Abbies\u00a0 Excelsa (Abeto)<\/td>\n<td>125\/150<\/td>\n<td>m. alto<\/td>\n<td width=\"13%\">cepe<\/td>\n<\/tr>\n<tr>\n<td>Abbies\u00a0 Excelsa (Abeto)<\/td>\n<td>175\/200<\/td>\n<td>m. alto<\/td>\n<td width=\"13%\">cepe<\/td>\n<\/tr>\n<tr>\n<td>Abbies\u00a0 Excelsa (Abeto)<\/td>\n<td>200\/250<\/td>\n<td>m. alto<\/td>\n<td width=\"13%\">cepe<\/td>\n<\/tr>\n<tr>\n<td>Abbies\u00a0 Excelsa (Abeto)<\/td>\n<td>mayores<\/td>\n<td>consultar<\/td>\n<\/tr>\n<\/tbody>\n<\/table>\n<p>&nbsp;<\/p>\n<p>&nbsp;<\/p>\n","protected":false},"featured_media":85,"template":"","meta":[],"product_cat":[19],"product_tag":[],"_links":{"self":[{"href":"https:\/\/www.viverosfranco.com\/gl\/wp-json\/wp\/v3\/product\/67"}],"collection":[{"href":"https:\/\/www.viverosfranco.com\/gl\/wp-json\/wp\/v3\/product"}],"about":[{"href":"https:\/\/www.viverosfranco.com\/gl\/wp-json\/wp\/v2\/types\/product"}],"version-history":[{"count":0,"href":"https:\/\/www.viverosfranco.com\/gl\/wp-json\/wp\/v3\/product\/67\/revisions"}],"wp:featuredmedia":[{"embeddable":true,"href":"https:\/\/www.viverosfranco.com\/gl\/wp-json\/wp\/v2\/media\/85"}],"wp:attachment":[{"href":"https:\/\/www.viverosfranco.com\/gl\/wp-json\/wp\/v2\/media?parent=67"}],"wp:term":[{"taxonomy":"product_cat","embeddable":true,"href":"https:\/\/www.viverosfranco.com\/gl\/wp-json\/wp\/v2\/product_cat?post=67"},{"taxonomy":"product_tag","embeddable":true,"href":"https:\/\/www.viverosfranco.com\/gl\/wp-json\/wp\/v2\/product_tag?post=67"}],"curies":[{"name":"wp","href":"https:\/\/api.w.org\/{rel}","templated":true}]}}