{"id":63,"date":"2018-11-29T12:16:41","date_gmt":"2018-11-29T11:16:41","guid":{"rendered":"https:\/\/www.viverosfranco.com\/product\/import-placeholder-for-231\/"},"modified":"2018-11-29T12:17:10","modified_gmt":"2018-11-29T11:17:10","slug":"buxus-variados-boj","status":"publish","type":"product","link":"https:\/\/www.viverosfranco.com\/gl\/producto\/buxus-variados-boj\/","title":{"rendered":"Buxus Variados (Boj)"},"content":{"rendered":"","protected":false},"excerpt":{"rendered":"<p>El boj com\u00fan es de h\u00e1bito arbustivo o arb\u00f3reo; alcanza excepcionalmente los 12 m de altura, con un tallo muy ramificado cubierto de una corteza lisa en los ejemplares j\u00f3venes, surcada de resquebrajaduras en los adultos, de color pardogris\u00e1ceo. Las hojas son lanceoladas a ovadas o el\u00edpticas, opuestas, cori\u00e1ceas, de color verde oscuro por el haz y m\u00e1s claro en el env\u00e9s, de hasta 30 mm, con el borde algo curvado hacia abajo.<\/p>\n<p>Las flores son monoicas, con masculinas y femeninas presentes en el mismo ejemplar; aparecen a comienzos de primavera, en peque\u00f1as inflorescencias de varias flores masculinas y una femenina en las axilas foliares. Miden unos 2 mm, de color amarillo, poco vistosas, carentes de corola, sin fragancia pero ricas en n\u00e9ctar, que atrae a himen\u00f3pteros y d\u00edpteros. El fruto es una c\u00e1psula marr\u00f3n o gris, cori\u00e1cea, de alrededor de 1 cm de largo, que contiene numerosas semillas.<\/p>\n<p>&nbsp;<\/p>\n<table class=\"features-table\" width=\"117%\">\n<tbody>\n<tr>\n<td>Buxus Variados (Boj)<\/td>\n<td>20\/40<\/td>\n<td>m. alto<\/td>\n<td width=\"13%\">r\/d<\/td>\n<\/tr>\n<tr>\n<td>Buxus Variados (Boj)<\/td>\n<td>30\/40<\/td>\n<td>m. alto<\/td>\n<td width=\"13%\">r\/d<\/td>\n<\/tr>\n<\/tbody>\n<\/table>\n","protected":false},"featured_media":81,"template":"","meta":[],"product_cat":[18],"product_tag":[],"_links":{"self":[{"href":"https:\/\/www.viverosfranco.com\/gl\/wp-json\/wp\/v3\/product\/63"}],"collection":[{"href":"https:\/\/www.viverosfranco.com\/gl\/wp-json\/wp\/v3\/product"}],"about":[{"href":"https:\/\/www.viverosfranco.com\/gl\/wp-json\/wp\/v2\/types\/product"}],"version-history":[{"count":0,"href":"https:\/\/www.viverosfranco.com\/gl\/wp-json\/wp\/v3\/product\/63\/revisions"}],"wp:featuredmedia":[{"embeddable":true,"href":"https:\/\/www.viverosfranco.com\/gl\/wp-json\/wp\/v2\/media\/81"}],"wp:attachment":[{"href":"https:\/\/www.viverosfranco.com\/gl\/wp-json\/wp\/v2\/media?parent=63"}],"wp:term":[{"taxonomy":"product_cat","embeddable":true,"href":"https:\/\/www.viverosfranco.com\/gl\/wp-json\/wp\/v2\/product_cat?post=63"},{"taxonomy":"product_tag","embeddable":true,"href":"https:\/\/www.viverosfranco.com\/gl\/wp-json\/wp\/v2\/product_tag?post=63"}],"curies":[{"name":"wp","href":"https:\/\/api.w.org\/{rel}","templated":true}]}}