{"id":62,"date":"2018-11-29T12:16:41","date_gmt":"2018-11-29T11:16:41","guid":{"rendered":"https:\/\/www.viverosfranco.com\/product\/import-placeholder-for-229\/"},"modified":"2018-11-29T12:17:05","modified_gmt":"2018-11-29T11:17:05","slug":"thymus-tomillo","status":"publish","type":"product","link":"https:\/\/www.viverosfranco.com\/gl\/producto\/thymus-tomillo\/","title":{"rendered":"Thymus (Tomillo)"},"content":{"rendered":"","protected":false},"excerpt":{"rendered":"<p>El tomillo es una hierba arom\u00e1tica bastante habitual en la cocina mediterr\u00e1nea. Debido a su intenso olor y caracter\u00edstico sabor se utiliza en diferentes elaboraciones, y es un elemento familiar en estofados, parrillas, escabeches, adobos, marinados y ali\u00f1os (por ejemplo, para las aceitunas), que aporta, adem\u00e1s de sus caracter\u00edsticas organol\u00e9pticas, propiedades digestivas. Se puede utilizar tanto fresco como seco, dependiendo de la receta.<\/p>\n<table class=\"features-table\" width=\"117%\">\n<tbody>\n<tr>\n<td style=\"text-align: left;\" align=\"center\">Thymus (Tomillo)<\/td>\n<td>15\/20<\/td>\n<td>m. alto<\/td>\n<td width=\"13%\">C-14<\/td>\n<\/tr>\n<tr>\n<td>Thymus (Tomillo)<\/td>\n<td>20\/40<\/td>\n<td>m. alto<\/td>\n<td width=\"13%\">C-17<\/td>\n<\/tr>\n<\/tbody>\n<\/table>\n","protected":false},"featured_media":80,"template":"","meta":[],"product_cat":[17],"product_tag":[],"_links":{"self":[{"href":"https:\/\/www.viverosfranco.com\/gl\/wp-json\/wp\/v3\/product\/62"}],"collection":[{"href":"https:\/\/www.viverosfranco.com\/gl\/wp-json\/wp\/v3\/product"}],"about":[{"href":"https:\/\/www.viverosfranco.com\/gl\/wp-json\/wp\/v2\/types\/product"}],"version-history":[{"count":0,"href":"https:\/\/www.viverosfranco.com\/gl\/wp-json\/wp\/v3\/product\/62\/revisions"}],"wp:featuredmedia":[{"embeddable":true,"href":"https:\/\/www.viverosfranco.com\/gl\/wp-json\/wp\/v2\/media\/80"}],"wp:attachment":[{"href":"https:\/\/www.viverosfranco.com\/gl\/wp-json\/wp\/v2\/media?parent=62"}],"wp:term":[{"taxonomy":"product_cat","embeddable":true,"href":"https:\/\/www.viverosfranco.com\/gl\/wp-json\/wp\/v2\/product_cat?post=62"},{"taxonomy":"product_tag","embeddable":true,"href":"https:\/\/www.viverosfranco.com\/gl\/wp-json\/wp\/v2\/product_tag?post=62"}],"curies":[{"name":"wp","href":"https:\/\/api.w.org\/{rel}","templated":true}]}}