{"id":61,"date":"2018-11-29T12:16:40","date_gmt":"2018-11-29T11:16:40","guid":{"rendered":"https:\/\/www.viverosfranco.com\/product\/import-placeholder-for-51\/"},"modified":"2018-11-29T12:17:02","modified_gmt":"2018-11-29T11:17:02","slug":"santolina","status":"publish","type":"product","link":"https:\/\/www.viverosfranco.com\/gl\/producto\/santolina\/","title":{"rendered":"Santolina"},"content":{"rendered":"","protected":false},"excerpt":{"rendered":"<p>Posee numerosos tallos delgados sobre el que crecen hojas de color verde gris\u00e1ceo, estrechas, lineales, divididas, carnosas y arom\u00e1ticas. desprenden un intenso olor arom\u00e1tico que recuerda a la manzanilla, aunque algo desagradable. En lo alto brotan cabezuelas hemisf\u00e9ricas con flores tubulosas de color amarillo. Su altura puede oscilar entre los 20 y 70 cm. Su fruto es cuadrangular.<\/p>\n","protected":false},"featured_media":79,"template":"","meta":[],"product_cat":[17],"product_tag":[],"_links":{"self":[{"href":"https:\/\/www.viverosfranco.com\/gl\/wp-json\/wp\/v3\/product\/61"}],"collection":[{"href":"https:\/\/www.viverosfranco.com\/gl\/wp-json\/wp\/v3\/product"}],"about":[{"href":"https:\/\/www.viverosfranco.com\/gl\/wp-json\/wp\/v2\/types\/product"}],"version-history":[{"count":0,"href":"https:\/\/www.viverosfranco.com\/gl\/wp-json\/wp\/v3\/product\/61\/revisions"}],"wp:featuredmedia":[{"embeddable":true,"href":"https:\/\/www.viverosfranco.com\/gl\/wp-json\/wp\/v2\/media\/79"}],"wp:attachment":[{"href":"https:\/\/www.viverosfranco.com\/gl\/wp-json\/wp\/v2\/media?parent=61"}],"wp:term":[{"taxonomy":"product_cat","embeddable":true,"href":"https:\/\/www.viverosfranco.com\/gl\/wp-json\/wp\/v2\/product_cat?post=61"},{"taxonomy":"product_tag","embeddable":true,"href":"https:\/\/www.viverosfranco.com\/gl\/wp-json\/wp\/v2\/product_tag?post=61"}],"curies":[{"name":"wp","href":"https:\/\/api.w.org\/{rel}","templated":true}]}}