{"id":59,"date":"2018-11-29T12:16:38","date_gmt":"2018-11-29T11:16:38","guid":{"rendered":"https:\/\/www.viverosfranco.com\/product\/import-placeholder-for-46\/"},"modified":"2018-11-29T12:16:55","modified_gmt":"2018-11-29T11:16:55","slug":"rosmarinus-romero","status":"publish","type":"product","link":"https:\/\/www.viverosfranco.com\/gl\/producto\/rosmarinus-romero\/","title":{"rendered":"Rosmarinus (Romero)"},"content":{"rendered":"","protected":false},"excerpt":{"rendered":"<p>El romero es un arbusto arom\u00e1tico, le\u00f1oso, de hojas perennes, muy ramificado y ocasionalmente achaparrado y que puede llegar a medir 2 metros de altura. Los tallos j\u00f3venes est\u00e1n cubiertos de borra -que desaparece al crecer- y tallos a\u00f1osos de color rojizo y con la corteza resquebrajada.<\/p>\n<p>Las hojas, peque\u00f1as y muy abundantes, presentan forma lineal. Son opuestas, s\u00e9siles, enteras, con los bordes hacia abajo y de un color verde oscuro, mientras que por el env\u00e9s presentan un color blanquecino y est\u00e1n cubiertas de vellosidad. En la zona de uni\u00f3n de la hoja con el tallo nacen los ramilletes flor\u00edferos.<\/p>\n<p>Presentaci\u00f3n:<\/p>\n<table class=\"features-table\" width=\"117%\">\n<tbody>\n<tr>\n<td>Rosmarinus (Romero)<\/td>\n<td>15\/30<\/td>\n<td>m. alto<\/td>\n<td width=\"13%\">C-14<\/td>\n<\/tr>\n<tr>\n<td>Rosmarinus (Romero)<\/td>\n<td>30\/50<\/td>\n<td>m. alto<\/td>\n<td width=\"13%\">C-17<\/td>\n<\/tr>\n<\/tbody>\n<\/table>\n","protected":false},"featured_media":77,"template":"","meta":[],"product_cat":[17],"product_tag":[],"_links":{"self":[{"href":"https:\/\/www.viverosfranco.com\/gl\/wp-json\/wp\/v3\/product\/59"}],"collection":[{"href":"https:\/\/www.viverosfranco.com\/gl\/wp-json\/wp\/v3\/product"}],"about":[{"href":"https:\/\/www.viverosfranco.com\/gl\/wp-json\/wp\/v2\/types\/product"}],"version-history":[{"count":0,"href":"https:\/\/www.viverosfranco.com\/gl\/wp-json\/wp\/v3\/product\/59\/revisions"}],"wp:featuredmedia":[{"embeddable":true,"href":"https:\/\/www.viverosfranco.com\/gl\/wp-json\/wp\/v2\/media\/77"}],"wp:attachment":[{"href":"https:\/\/www.viverosfranco.com\/gl\/wp-json\/wp\/v2\/media?parent=59"}],"wp:term":[{"taxonomy":"product_cat","embeddable":true,"href":"https:\/\/www.viverosfranco.com\/gl\/wp-json\/wp\/v2\/product_cat?post=59"},{"taxonomy":"product_tag","embeddable":true,"href":"https:\/\/www.viverosfranco.com\/gl\/wp-json\/wp\/v2\/product_tag?post=59"}],"curies":[{"name":"wp","href":"https:\/\/api.w.org\/{rel}","templated":true}]}}