{"id":58,"date":"2018-11-29T12:16:38","date_gmt":"2018-11-29T11:16:38","guid":{"rendered":"https:\/\/www.viverosfranco.com\/product\/import-placeholder-for-31\/"},"modified":"2018-11-29T12:16:52","modified_gmt":"2018-11-29T11:16:52","slug":"lavandula","status":"publish","type":"product","link":"https:\/\/www.viverosfranco.com\/gl\/producto\/lavandula\/","title":{"rendered":"Lavandula"},"content":{"rendered":"","protected":false},"excerpt":{"rendered":"<p>Son plantas sufruticosas, perennes de tallos de secci\u00f3n cuadrangular, generalmente muy foliosos en la parte inferior, con hojas de estrechamente lanceoladas a anchamente el\u00edpticas, enteras, dentadas o varias veces divididas, con pelos simples, ramificados y glandul\u00edferos. La inflorescencia es espiciforme, formada por verticilastros m\u00e1s o menos pr\u00f3ximos, con frecuencia con largos escapos. Las br\u00e1cteas son diferentes de las hojas, frecuentemente coloreadas, las superiores, a veces, muy diferentes y sobresalientes en penacho o corona.<\/p>\n<p>Presentaciones:<\/p>\n<table class=\"features-table\" width=\"117%\">\n<tbody>\n<tr>\n<td>Lavandula<\/td>\n<td>15\/30<\/td>\n<td>m. alto<\/td>\n<td width=\"13%\">C-14<\/td>\n<\/tr>\n<tr>\n<td>Lavandula<\/td>\n<td>20\/40<\/td>\n<td>m. alto<\/td>\n<td width=\"13%\">C-17<\/td>\n<\/tr>\n<\/tbody>\n<\/table>\n","protected":false},"featured_media":76,"template":"","meta":[],"product_cat":[17],"product_tag":[],"_links":{"self":[{"href":"https:\/\/www.viverosfranco.com\/gl\/wp-json\/wp\/v3\/product\/58"}],"collection":[{"href":"https:\/\/www.viverosfranco.com\/gl\/wp-json\/wp\/v3\/product"}],"about":[{"href":"https:\/\/www.viverosfranco.com\/gl\/wp-json\/wp\/v2\/types\/product"}],"version-history":[{"count":0,"href":"https:\/\/www.viverosfranco.com\/gl\/wp-json\/wp\/v3\/product\/58\/revisions"}],"wp:featuredmedia":[{"embeddable":true,"href":"https:\/\/www.viverosfranco.com\/gl\/wp-json\/wp\/v2\/media\/76"}],"wp:attachment":[{"href":"https:\/\/www.viverosfranco.com\/gl\/wp-json\/wp\/v2\/media?parent=58"}],"wp:term":[{"taxonomy":"product_cat","embeddable":true,"href":"https:\/\/www.viverosfranco.com\/gl\/wp-json\/wp\/v2\/product_cat?post=58"},{"taxonomy":"product_tag","embeddable":true,"href":"https:\/\/www.viverosfranco.com\/gl\/wp-json\/wp\/v2\/product_tag?post=58"}],"curies":[{"name":"wp","href":"https:\/\/api.w.org\/{rel}","templated":true}]}}