{"id":539,"date":"2018-12-11T17:17:14","date_gmt":"2018-12-11T16:17:14","guid":{"rendered":"https:\/\/www.viverosfranco.com\/?post_type=product&#038;p=539"},"modified":"2023-03-29T16:53:26","modified_gmt":"2023-03-29T14:53:26","slug":"pinus-radiata","status":"publish","type":"product","link":"https:\/\/www.viverosfranco.com\/gl\/producto\/pinus-radiata\/","title":{"rendered":"Pinus radiata"},"content":{"rendered":"","protected":false},"excerpt":{"rendered":"<p>Es un\u00a0\u00e1rbol\u00a0de talla media, de aproximadamente 45 metros de altura. Su crecimiento es r\u00e1pido en los primeros a\u00f1os, su tronco puede alcanzar un di\u00e1metro de m\u00e1s de 50 cm en 20 a\u00f1os. Posteriormente su crecimiento se ralentiza.<\/p>\n<p>Es una especie de gran inter\u00e9s para la industria por la calidad de su madera y su r\u00e1pido crecimiento, que hace que su cultivo comience a dar beneficios en pocos a\u00f1os.<\/p>\n<p>Su madera es muy vers\u00e1til aprovechandose para diferentes fines, entre los que destacan la pasta de papel, tableros contrachapados, madera aserrada y la fabricaci\u00f3n de tableros de aglomerado. Se cultiva en muchos pa\u00edses para hacer repoblaciones, principalmente por la rapidez de su crecimiento.<\/p>\n<p><i><b>Pinus radiata<\/b><\/i>, (syn.\u00a0<i>Pinus insignis<\/i>), llamado\u00a0<b>pino insigne<\/b>,<sup id=\"cite_ref-1\" class=\"reference separada\"><a href=\"https:\/\/es.wikipedia.org\/wiki\/Pinus_radiata#cite_note-1\">1<\/a><\/sup>\u200b\u00a0<b>pino de Monterrey<\/b>\u00a0o\u00a0<b>pino de California<\/b><sup id=\"cite_ref-2\" class=\"reference separada\"><\/sup>\u200b es una\u00a0especie\u00a0arb\u00f3rea\u00a0perteneciente a la\u00a0familia\u00a0de las\u00a0pin\u00e1ceas, originaria del suroeste de los\u00a0Estados Unidos, principalmente\u00a0California.<\/p>\n<p>&nbsp;<\/p>\n<p>Presentaci\u00f3n:<\/p>\n<table width=\"945\">\n<tbody>\n<tr>\n<td width=\"457\">Pinus radiata<\/td>\n<td width=\"238\"><\/td>\n<td width=\"90\"><\/td>\n<td width=\"80\">cepe<\/td>\n<td width=\"80\"><\/td>\n<\/tr>\n<\/tbody>\n<\/table>\n<table width=\"865\">\n<tbody>\n<tr>\n<td width=\"457\">Pinus radiata<\/td>\n<td width=\"238\"><\/td>\n<td width=\"90\"><\/td>\n<td width=\"80\">R\/D 1\u00aa<\/td>\n<\/tr>\n<tr>\n<td>Pinus radiata<\/td>\n<td><\/td>\n<td><\/td>\n<td>R\/D EXTRA<\/td>\n<\/tr>\n<\/tbody>\n<\/table>\n","protected":false},"featured_media":678,"template":"","meta":[],"product_cat":[29],"product_tag":[],"_links":{"self":[{"href":"https:\/\/www.viverosfranco.com\/gl\/wp-json\/wp\/v3\/product\/539"}],"collection":[{"href":"https:\/\/www.viverosfranco.com\/gl\/wp-json\/wp\/v3\/product"}],"about":[{"href":"https:\/\/www.viverosfranco.com\/gl\/wp-json\/wp\/v2\/types\/product"}],"version-history":[{"count":0,"href":"https:\/\/www.viverosfranco.com\/gl\/wp-json\/wp\/v3\/product\/539\/revisions"}],"wp:featuredmedia":[{"embeddable":true,"href":"https:\/\/www.viverosfranco.com\/gl\/wp-json\/wp\/v2\/media\/678"}],"wp:attachment":[{"href":"https:\/\/www.viverosfranco.com\/gl\/wp-json\/wp\/v2\/media?parent=539"}],"wp:term":[{"taxonomy":"product_cat","embeddable":true,"href":"https:\/\/www.viverosfranco.com\/gl\/wp-json\/wp\/v2\/product_cat?post=539"},{"taxonomy":"product_tag","embeddable":true,"href":"https:\/\/www.viverosfranco.com\/gl\/wp-json\/wp\/v2\/product_tag?post=539"}],"curies":[{"name":"wp","href":"https:\/\/api.w.org\/{rel}","templated":true}]}}