{"id":439,"date":"2018-12-05T16:13:42","date_gmt":"2018-12-05T15:13:42","guid":{"rendered":"https:\/\/www.viverosfranco.com\/?post_type=product&#038;p=439"},"modified":"2018-12-05T16:13:42","modified_gmt":"2018-12-05T15:13:42","slug":"platanos-hispanica","status":"publish","type":"product","link":"https:\/\/www.viverosfranco.com\/gl\/producto\/platanos-hispanica\/","title":{"rendered":"Pl\u00e1tanos Hisp\u00e1nica"},"content":{"rendered":"","protected":false},"excerpt":{"rendered":"<p>Presentaci\u00f3n:<\/p>\n<table width=\"683\">\n<tbody>\n<tr>\n<td width=\"328\">Pl\u00e1tanos Hisp\u00e1nica<\/td>\n<td width=\"235\">06\/08<\/td>\n<td width=\"120\">cm. circunf.<\/td>\n<\/tr>\n<tr>\n<td>Pl\u00e1tanos Hisp\u00e1nica<\/td>\n<td>08\/10<\/td>\n<td>cm. circunf.<\/td>\n<\/tr>\n<tr>\n<td>Pl\u00e1tanos Hisp\u00e1nica<\/td>\n<td>10\/12<\/td>\n<td>cm. circunf.<\/td>\n<\/tr>\n<tr>\n<td>Pl\u00e1tanos Hisp\u00e1nica<\/td>\n<td>12\/14<\/td>\n<td>cm. circunf.<\/td>\n<\/tr>\n<tr>\n<td>Pl\u00e1tanos Hisp\u00e1nica<\/td>\n<td>14\/16<\/td>\n<td>cm. circunf.<\/td>\n<\/tr>\n<tr>\n<td>Pl\u00e1tanos Hisp\u00e1nica<\/td>\n<td>16\/18<\/td>\n<td>cm. circunf.<\/td>\n<\/tr>\n<tr>\n<td>Pl\u00e1tanos Hisp\u00e1nica<\/td>\n<td>18\/20<\/td>\n<td>cm. circunf.<\/td>\n<\/tr>\n<tr>\n<td>Pl\u00e1tanos Hisp\u00e1nica<\/td>\n<td>20\/25<\/td>\n<td>cm. circunf.<\/td>\n<\/tr>\n<tr>\n<td>Pl\u00e1tanos Hisp\u00e1nica<\/td>\n<td>25\/30<\/td>\n<td>cm. circunf.<\/td>\n<\/tr>\n<tr>\n<td>Pl\u00e1tanos Hisp\u00e1nica<\/td>\n<td>30\/35<\/td>\n<td>cm. circunf.<\/td>\n<\/tr>\n<tr>\n<td>Pl\u00e1tanos Hisp\u00e1nica<\/td>\n<td>35\/40<\/td>\n<td>cm. circunf.<\/td>\n<\/tr>\n<tr>\n<td>Pl\u00e1tanos Hisp\u00e1nica<\/td>\n<td>40\/45<\/td>\n<td>cm. circunf.<\/td>\n<\/tr>\n<\/tbody>\n<\/table>\n","protected":false},"featured_media":401,"template":"","meta":[],"product_cat":[24],"product_tag":[],"_links":{"self":[{"href":"https:\/\/www.viverosfranco.com\/gl\/wp-json\/wp\/v3\/product\/439"}],"collection":[{"href":"https:\/\/www.viverosfranco.com\/gl\/wp-json\/wp\/v3\/product"}],"about":[{"href":"https:\/\/www.viverosfranco.com\/gl\/wp-json\/wp\/v2\/types\/product"}],"version-history":[{"count":0,"href":"https:\/\/www.viverosfranco.com\/gl\/wp-json\/wp\/v3\/product\/439\/revisions"}],"wp:featuredmedia":[{"embeddable":true,"href":"https:\/\/www.viverosfranco.com\/gl\/wp-json\/wp\/v2\/media\/401"}],"wp:attachment":[{"href":"https:\/\/www.viverosfranco.com\/gl\/wp-json\/wp\/v2\/media?parent=439"}],"wp:term":[{"taxonomy":"product_cat","embeddable":true,"href":"https:\/\/www.viverosfranco.com\/gl\/wp-json\/wp\/v2\/product_cat?post=439"},{"taxonomy":"product_tag","embeddable":true,"href":"https:\/\/www.viverosfranco.com\/gl\/wp-json\/wp\/v2\/product_tag?post=439"}],"curies":[{"name":"wp","href":"https:\/\/api.w.org\/{rel}","templated":true}]}}