{"id":251,"date":"2018-12-03T16:59:26","date_gmt":"2018-12-03T15:59:26","guid":{"rendered":"https:\/\/www.viverosfranco.com\/?post_type=product&#038;p=251"},"modified":"2018-12-03T16:59:27","modified_gmt":"2018-12-03T15:59:27","slug":"aesculus-carnea-briotii","status":"publish","type":"product","link":"https:\/\/www.viverosfranco.com\/gl\/producto\/aesculus-carnea-briotii\/","title":{"rendered":"Aesculus Carnea Briotii"},"content":{"rendered":"","protected":false},"excerpt":{"rendered":"<p>Es una planta ornamental de flores rosadas rojizas, particularmente sensibles al encharcamiento. Las hojas son compuestas y palmadas y con seis o siete fol\u00edolos, normalmente retorcidos; m\u00e1s oscuras, m\u00e1s rugosas y m\u00e1s peque\u00f1os que A. hippocastanum y presentan los m\u00e1rgenes dentados.<\/p>\n<p><strong>Presentaci\u00f3n:<\/strong><\/p>\n<table width=\"436\">\n<tbody>\n<tr>\n<td width=\"267\">Aesculus Carnea Briotii<\/td>\n<td width=\"79\">08-10<\/td>\n<td width=\"90\">cm. circunf.<\/td>\n<\/tr>\n<tr>\n<td>Aesculus Carnea Briotii<\/td>\n<td>10-12<\/td>\n<td>cm. circunf.<\/td>\n<\/tr>\n<tr>\n<td>Aesculus Carnea Briotii<\/td>\n<td>12-14<\/td>\n<td>cm. circunf.<\/td>\n<\/tr>\n<\/tbody>\n<\/table>\n","protected":false},"featured_media":252,"template":"","meta":[],"product_cat":[24],"product_tag":[],"_links":{"self":[{"href":"https:\/\/www.viverosfranco.com\/gl\/wp-json\/wp\/v3\/product\/251"}],"collection":[{"href":"https:\/\/www.viverosfranco.com\/gl\/wp-json\/wp\/v3\/product"}],"about":[{"href":"https:\/\/www.viverosfranco.com\/gl\/wp-json\/wp\/v2\/types\/product"}],"version-history":[{"count":0,"href":"https:\/\/www.viverosfranco.com\/gl\/wp-json\/wp\/v3\/product\/251\/revisions"}],"wp:featuredmedia":[{"embeddable":true,"href":"https:\/\/www.viverosfranco.com\/gl\/wp-json\/wp\/v2\/media\/252"}],"wp:attachment":[{"href":"https:\/\/www.viverosfranco.com\/gl\/wp-json\/wp\/v2\/media?parent=251"}],"wp:term":[{"taxonomy":"product_cat","embeddable":true,"href":"https:\/\/www.viverosfranco.com\/gl\/wp-json\/wp\/v2\/product_cat?post=251"},{"taxonomy":"product_tag","embeddable":true,"href":"https:\/\/www.viverosfranco.com\/gl\/wp-json\/wp\/v2\/product_tag?post=251"}],"curies":[{"name":"wp","href":"https:\/\/api.w.org\/{rel}","templated":true}]}}