{"id":231,"date":"2018-12-03T16:05:31","date_gmt":"2018-12-03T15:05:31","guid":{"rendered":"https:\/\/www.viverosfranco.com\/?post_type=product&#038;p=231"},"modified":"2018-12-03T16:06:57","modified_gmt":"2018-12-03T15:06:57","slug":"acer-negundo-variegata","status":"publish","type":"product","link":"https:\/\/www.viverosfranco.com\/gl\/producto\/acer-negundo-variegata\/","title":{"rendered":"Acer Negundo Variegata"},"content":{"rendered":"","protected":false},"excerpt":{"rendered":"<p>Es un \u00c1rbol cuyo origen es de su altura recurrente de 10 metros. El nombre cient\u00edfico es Acer negundo \u2018Variegata\u2019 y es un \u00c1rbol con forma Copa. El tiempo de alcanzar su medida m\u00e1xima de el \u00c1rbol es R\u00e1pido.Tener cuidado en cortar los posibles reto\u00f1os del porta injerto. Como \u00e1rbol de alineaci\u00f3n.<\/p>\n<p><strong>Presentaci\u00f3n:<\/strong><\/p>\n<table width=\"436\">\n<tbody>\n<tr>\n<td width=\"267\">Acer Negundo Variegata<\/td>\n<td width=\"79\">10-dic<\/td>\n<td width=\"90\">cm. circunf.<\/td>\n<\/tr>\n<tr>\n<td>Acer Negundo Variegata<\/td>\n<td>dic-14<\/td>\n<td>cm. circunf.<\/td>\n<\/tr>\n<tr>\n<td>Acer Negundo Variegata<\/td>\n<td>14-16<\/td>\n<td>cm. circunf.<\/td>\n<\/tr>\n<tr>\n<td>Acer Negundo Variegata<\/td>\n<td>mayores<\/td>\n<td>consultar<\/td>\n<\/tr>\n<\/tbody>\n<\/table>\n","protected":false},"featured_media":232,"template":"","meta":[],"product_cat":[24],"product_tag":[],"_links":{"self":[{"href":"https:\/\/www.viverosfranco.com\/gl\/wp-json\/wp\/v3\/product\/231"}],"collection":[{"href":"https:\/\/www.viverosfranco.com\/gl\/wp-json\/wp\/v3\/product"}],"about":[{"href":"https:\/\/www.viverosfranco.com\/gl\/wp-json\/wp\/v2\/types\/product"}],"version-history":[{"count":0,"href":"https:\/\/www.viverosfranco.com\/gl\/wp-json\/wp\/v3\/product\/231\/revisions"}],"wp:featuredmedia":[{"embeddable":true,"href":"https:\/\/www.viverosfranco.com\/gl\/wp-json\/wp\/v2\/media\/232"}],"wp:attachment":[{"href":"https:\/\/www.viverosfranco.com\/gl\/wp-json\/wp\/v2\/media?parent=231"}],"wp:term":[{"taxonomy":"product_cat","embeddable":true,"href":"https:\/\/www.viverosfranco.com\/gl\/wp-json\/wp\/v2\/product_cat?post=231"},{"taxonomy":"product_tag","embeddable":true,"href":"https:\/\/www.viverosfranco.com\/gl\/wp-json\/wp\/v2\/product_tag?post=231"}],"curies":[{"name":"wp","href":"https:\/\/api.w.org\/{rel}","templated":true}]}}