{"id":218,"date":"2018-11-30T15:40:29","date_gmt":"2018-11-30T14:40:29","guid":{"rendered":"https:\/\/www.viverosfranco.com\/?post_type=product&#038;p=218"},"modified":"2018-12-11T17:43:17","modified_gmt":"2018-12-11T16:43:17","slug":"quercus-rubra","status":"publish","type":"product","link":"https:\/\/www.viverosfranco.com\/gl\/producto\/quercus-rubra\/","title":{"rendered":"Quercus rubra"},"content":{"rendered":"","protected":false},"excerpt":{"rendered":"<p>Quercus rubra, el roble rojo americano,\u200b roble boreal rojo americano o roble rojo del Norte, es una especie arb\u00f3rea perteneciente a la familia de las fag\u00e1ceas oriunda del Centro y Este de Am\u00e9rica del Norte. Es un \u00e1rbol que crece recto y alto, alcanzando los 35 m de altura, con car\u00e1cter excepcional llega a los 43 m de altura, con un tronco de hasta 1 m de di\u00e1metro; pero puede desarrollar un tronco de hasta 2 m de di\u00e1metro. Tiene ramas cada vez m\u00e1s s\u00f3lidas en \u00e1ngulo recto a la ra\u00edz, formando un estrecho remate de cabeza redonda. Crece r\u00e1pidamente y es tolerante a los suelos de muchas y variadas situaciones, aunque prefiere la deriva glacial y bien drenado, en las cercan\u00edas de los arroyos.<\/p>\n<p>Presentaci\u00f3n:<\/p>\n<table width=\"516\">\n<tbody>\n<tr>\n<td width=\"267\">Quercus Rubra (Roble Americano)<\/td>\n<td width=\"79\">2+0<\/td>\n<td width=\"90\">60\/90<\/td>\n<td width=\"80\">R\/D<\/td>\n<\/tr>\n<tr>\n<td>Quercus Rubra (Roble Americano)<\/td>\n<td>2+0<\/td>\n<td>90\/120<\/td>\n<td>R\/D<\/td>\n<\/tr>\n<tr>\n<td>Quercus Rubra (Roble Americano)<\/td>\n<td>1+2<\/td>\n<td>120\/150<\/td>\n<td>R\/D<\/td>\n<\/tr>\n<tr>\n<td>Quercus Rubra (Roble Americano)<\/td>\n<td>1+2<\/td>\n<td>150\/200<\/td>\n<td>R\/D<\/td>\n<\/tr>\n<tr>\n<td>Quercus Rubra (Roble Americano)<\/td>\n<td>mayores<\/td>\n<td>consultar<\/td>\n<td>R\/D<\/td>\n<\/tr>\n<\/tbody>\n<\/table>\n","protected":false},"featured_media":219,"template":"","meta":[],"product_cat":[24,20,29],"product_tag":[],"_links":{"self":[{"href":"https:\/\/www.viverosfranco.com\/gl\/wp-json\/wp\/v3\/product\/218"}],"collection":[{"href":"https:\/\/www.viverosfranco.com\/gl\/wp-json\/wp\/v3\/product"}],"about":[{"href":"https:\/\/www.viverosfranco.com\/gl\/wp-json\/wp\/v2\/types\/product"}],"version-history":[{"count":0,"href":"https:\/\/www.viverosfranco.com\/gl\/wp-json\/wp\/v3\/product\/218\/revisions"}],"wp:featuredmedia":[{"embeddable":true,"href":"https:\/\/www.viverosfranco.com\/gl\/wp-json\/wp\/v2\/media\/219"}],"wp:attachment":[{"href":"https:\/\/www.viverosfranco.com\/gl\/wp-json\/wp\/v2\/media?parent=218"}],"wp:term":[{"taxonomy":"product_cat","embeddable":true,"href":"https:\/\/www.viverosfranco.com\/gl\/wp-json\/wp\/v2\/product_cat?post=218"},{"taxonomy":"product_tag","embeddable":true,"href":"https:\/\/www.viverosfranco.com\/gl\/wp-json\/wp\/v2\/product_tag?post=218"}],"curies":[{"name":"wp","href":"https:\/\/api.w.org\/{rel}","templated":true}]}}