{"id":215,"date":"2018-11-30T15:20:02","date_gmt":"2018-11-30T14:20:02","guid":{"rendered":"https:\/\/www.viverosfranco.com\/?post_type=product&#038;p=215"},"modified":"2022-07-21T19:09:53","modified_gmt":"2022-07-21T17:09:53","slug":"castanea-sativa","status":"publish","type":"product","link":"https:\/\/www.viverosfranco.com\/gl\/producto\/castanea-sativa\/","title":{"rendered":"Castanea sativa"},"content":{"rendered":"","protected":false},"excerpt":{"rendered":"<p>Castanea sativa, el casta\u00f1o, es un \u00e1rbol que pertenece a la familia de las fag\u00e1ceas, cuyo fruto, la casta\u00f1a, es comestible y fue una importante fuente alimenticia, en particular en algunas regiones del sur de Europa. Son \u00e1rboles de hasta 25-30 m, de tronco derecho, corto y grueso (hasta 2 m de di\u00e1metro) y de corteza lisa, cenicienta o pardusca hasta los 15-20 a\u00f1os, despu\u00e9s casta\u00f1o-oscura y agrietada longitudinalmente con ramitas glabras, casta\u00f1o-rojizas.<\/p>\n<p><strong>Presentaci\u00f3n:<\/strong><\/p>\n<table width=\"516\">\n<tbody>\n<tr>\n<td width=\"267\">Castanea Sativa (Casta\u00f1o)<\/td>\n<td width=\"79\">1+1<\/td>\n<td width=\"90\">60\/80<\/td>\n<td width=\"80\">R\/D<\/td>\n<\/tr>\n<tr>\n<td>Castanea Sativa (Casta\u00f1o)<\/td>\n<td>1+2<\/td>\n<td>80\/100<\/td>\n<td>R\/D<\/td>\n<\/tr>\n<tr>\n<td>Castanea Sativa (Casta\u00f1o)<\/td>\n<td>1+2<\/td>\n<td>100\/120<\/td>\n<td>R\/D<\/td>\n<\/tr>\n<tr>\n<td>Castanea Sativa (Casta\u00f1o)<\/td>\n<td>1+2<\/td>\n<td>120\/150<\/td>\n<td>R\/D<\/td>\n<\/tr>\n<tr>\n<td>Castanea Sativa (Casta\u00f1o)<\/td>\n<td>1+2<\/td>\n<td>150\/180<\/td>\n<td>R\/D<\/td>\n<\/tr>\n<tr>\n<td>Castanea Sativa (Casta\u00f1o)<\/td>\n<td>mayores<\/td>\n<td>consultar<\/td>\n<td><\/td>\n<\/tr>\n<tr>\n<td>Castanea Sativa (Casta\u00f1o)<\/td>\n<td>1+2<\/td>\n<td>90\/120<\/td>\n<td>R\/D<\/td>\n<\/tr>\n<\/tbody>\n<\/table>\n","protected":false},"featured_media":216,"template":"","meta":[],"product_cat":[20],"product_tag":[],"_links":{"self":[{"href":"https:\/\/www.viverosfranco.com\/gl\/wp-json\/wp\/v3\/product\/215"}],"collection":[{"href":"https:\/\/www.viverosfranco.com\/gl\/wp-json\/wp\/v3\/product"}],"about":[{"href":"https:\/\/www.viverosfranco.com\/gl\/wp-json\/wp\/v2\/types\/product"}],"version-history":[{"count":0,"href":"https:\/\/www.viverosfranco.com\/gl\/wp-json\/wp\/v3\/product\/215\/revisions"}],"wp:featuredmedia":[{"embeddable":true,"href":"https:\/\/www.viverosfranco.com\/gl\/wp-json\/wp\/v2\/media\/216"}],"wp:attachment":[{"href":"https:\/\/www.viverosfranco.com\/gl\/wp-json\/wp\/v2\/media?parent=215"}],"wp:term":[{"taxonomy":"product_cat","embeddable":true,"href":"https:\/\/www.viverosfranco.com\/gl\/wp-json\/wp\/v2\/product_cat?post=215"},{"taxonomy":"product_tag","embeddable":true,"href":"https:\/\/www.viverosfranco.com\/gl\/wp-json\/wp\/v2\/product_tag?post=215"}],"curies":[{"name":"wp","href":"https:\/\/api.w.org\/{rel}","templated":true}]}}