{"id":211,"date":"2018-11-30T15:02:52","date_gmt":"2018-11-30T14:02:52","guid":{"rendered":"https:\/\/www.viverosfranco.com\/?post_type=product&#038;p=211"},"modified":"2018-11-30T15:02:53","modified_gmt":"2018-11-30T14:02:53","slug":"carpinus-betulus","status":"publish","type":"product","link":"https:\/\/www.viverosfranco.com\/gl\/producto\/carpinus-betulus\/","title":{"rendered":"Carpinus Betulus"},"content":{"rendered":"","protected":false},"excerpt":{"rendered":"<p>Es un peque\u00f1o a mediano \u00e1rbol alcanzando 15-25 m, raramente 30 m, con un tronco sinuoso. La corteza es gruesa, verdosa gris\u00e1cea, aun en los viejos se parece a la del haya, pero tiene a menudo costillas.<\/p>\n<p><strong>Presentaci\u00f3n:<\/strong><\/p>\n<table width=\"516\">\n<tbody>\n<tr>\n<td width=\"267\">Carpinus Betulus<\/td>\n<td width=\"79\">1+2<\/td>\n<td width=\"90\">125\/150<\/td>\n<td width=\"80\">R\/D<\/td>\n<\/tr>\n<tr>\n<td>Carpinus Betulus<\/td>\n<td>1+2<\/td>\n<td>140+<\/td>\n<td>R\/D<\/td>\n<\/tr>\n<\/tbody>\n<\/table>\n","protected":false},"featured_media":212,"template":"","meta":[],"product_cat":[20],"product_tag":[],"_links":{"self":[{"href":"https:\/\/www.viverosfranco.com\/gl\/wp-json\/wp\/v3\/product\/211"}],"collection":[{"href":"https:\/\/www.viverosfranco.com\/gl\/wp-json\/wp\/v3\/product"}],"about":[{"href":"https:\/\/www.viverosfranco.com\/gl\/wp-json\/wp\/v2\/types\/product"}],"version-history":[{"count":0,"href":"https:\/\/www.viverosfranco.com\/gl\/wp-json\/wp\/v3\/product\/211\/revisions"}],"wp:featuredmedia":[{"embeddable":true,"href":"https:\/\/www.viverosfranco.com\/gl\/wp-json\/wp\/v2\/media\/212"}],"wp:attachment":[{"href":"https:\/\/www.viverosfranco.com\/gl\/wp-json\/wp\/v2\/media?parent=211"}],"wp:term":[{"taxonomy":"product_cat","embeddable":true,"href":"https:\/\/www.viverosfranco.com\/gl\/wp-json\/wp\/v2\/product_cat?post=211"},{"taxonomy":"product_tag","embeddable":true,"href":"https:\/\/www.viverosfranco.com\/gl\/wp-json\/wp\/v2\/product_tag?post=211"}],"curies":[{"name":"wp","href":"https:\/\/api.w.org\/{rel}","templated":true}]}}