{"id":190,"date":"2018-11-30T13:33:14","date_gmt":"2018-11-30T12:33:14","guid":{"rendered":"https:\/\/www.viverosfranco.com\/?post_type=product&#038;p=190"},"modified":"2018-11-30T13:34:20","modified_gmt":"2018-11-30T12:34:20","slug":"pinus-mugo-pumillo","status":"publish","type":"product","link":"https:\/\/www.viverosfranco.com\/gl\/producto\/pinus-mugo-pumillo\/","title":{"rendered":"Pinus mugo pumillo"},"content":{"rendered":"","protected":false},"excerpt":{"rendered":"<p>Pinus mugo, el pino negro,\u200b pino de monta\u00f1a\u200b o pino moro es un pino arbustivo perteneciente a la familia de las pin\u00e1ceas que presenta dos subespecies de h\u00e1bitat bastante diferente, que por algunos autores son dos especies diferentes: el Pinus mugo subsp. mugo, arbustivo y que encontramos sobre todo en los Alpes, y el Pinus mugo subsp. uncinata o pino negro que encontramos en los Pirineos. Ambas subespecies tienen las agujas agrupadas en pares (como el resto de pinos europeos) y pi\u00f1as peque\u00f1as casi s\u00e9siles.<\/p>\n<p><strong>Presentaci\u00f3n:<\/strong><\/p>\n<table width=\"516\">\n<tbody>\n<tr>\n<td width=\"267\">Pinus Mugo Pumillo<\/td>\n<td width=\"79\">20\/30<\/td>\n<td width=\"90\">m. alto<\/td>\n<td width=\"80\">C-20 TR<\/td>\n<\/tr>\n<\/tbody>\n<\/table>\n","protected":false},"featured_media":191,"template":"","meta":[],"product_cat":[19],"product_tag":[],"_links":{"self":[{"href":"https:\/\/www.viverosfranco.com\/gl\/wp-json\/wp\/v3\/product\/190"}],"collection":[{"href":"https:\/\/www.viverosfranco.com\/gl\/wp-json\/wp\/v3\/product"}],"about":[{"href":"https:\/\/www.viverosfranco.com\/gl\/wp-json\/wp\/v2\/types\/product"}],"version-history":[{"count":0,"href":"https:\/\/www.viverosfranco.com\/gl\/wp-json\/wp\/v3\/product\/190\/revisions"}],"wp:featuredmedia":[{"embeddable":true,"href":"https:\/\/www.viverosfranco.com\/gl\/wp-json\/wp\/v2\/media\/191"}],"wp:attachment":[{"href":"https:\/\/www.viverosfranco.com\/gl\/wp-json\/wp\/v2\/media?parent=190"}],"wp:term":[{"taxonomy":"product_cat","embeddable":true,"href":"https:\/\/www.viverosfranco.com\/gl\/wp-json\/wp\/v2\/product_cat?post=190"},{"taxonomy":"product_tag","embeddable":true,"href":"https:\/\/www.viverosfranco.com\/gl\/wp-json\/wp\/v2\/product_tag?post=190"}],"curies":[{"name":"wp","href":"https:\/\/api.w.org\/{rel}","templated":true}]}}