{"id":162,"date":"2018-11-30T10:16:52","date_gmt":"2018-11-30T09:16:52","guid":{"rendered":"https:\/\/www.viverosfranco.com\/?post_type=product&#038;p=162"},"modified":"2018-11-30T10:16:53","modified_gmt":"2018-11-30T09:16:53","slug":"juniperus-hibernica","status":"publish","type":"product","link":"https:\/\/www.viverosfranco.com\/gl\/producto\/juniperus-hibernica\/","title":{"rendered":"Juniperus hibernica"},"content":{"rendered":"","protected":false},"excerpt":{"rendered":"<p>Es un arbusto de 1 o 2 metros de altura de lento desarrollo que, creciendo en condiciones \u00f3ptimas, forma un \u00e1rbol peque\u00f1o de dimensiones algo mayores (ocasionalmente puede llegar a los 10 metros). Sus hojas, con forma de aguja grande y reunidas en espirales de tres son de color verde y presentan una \u00fanica banda estomatal blanca en la cara exterior. Acabadas en \u00e1pice puntiagudo de cierta dureza<\/p>\n<p><strong>Presentaci\u00f3n:<\/strong><\/p>\n<table width=\"581\">\n<tbody>\n<tr>\n<td width=\"283\">Juniperus Hibernica<\/td>\n<td width=\"128\">40\/60<\/td>\n<td width=\"90\">m. alto<\/td>\n<td width=\"80\">C-17<\/td>\n<\/tr>\n<tr>\n<td>Juniperus Hibernica<\/td>\n<td>60\/100<\/td>\n<td>m. alto<\/td>\n<td>cepe<\/td>\n<\/tr>\n<tr>\n<td>Juniperus Hibernica<\/td>\n<td>100\/120<\/td>\n<td>m. alto<\/td>\n<td>cepe<\/td>\n<\/tr>\n<tr>\n<td>Juniperus Hibernica<\/td>\n<td>150\/175<\/td>\n<td>m. alto<\/td>\n<td>cepe<\/td>\n<\/tr>\n<\/tbody>\n<\/table>\n","protected":false},"featured_media":163,"template":"","meta":[],"product_cat":[19],"product_tag":[],"_links":{"self":[{"href":"https:\/\/www.viverosfranco.com\/gl\/wp-json\/wp\/v3\/product\/162"}],"collection":[{"href":"https:\/\/www.viverosfranco.com\/gl\/wp-json\/wp\/v3\/product"}],"about":[{"href":"https:\/\/www.viverosfranco.com\/gl\/wp-json\/wp\/v2\/types\/product"}],"version-history":[{"count":0,"href":"https:\/\/www.viverosfranco.com\/gl\/wp-json\/wp\/v3\/product\/162\/revisions"}],"wp:featuredmedia":[{"embeddable":true,"href":"https:\/\/www.viverosfranco.com\/gl\/wp-json\/wp\/v2\/media\/163"}],"wp:attachment":[{"href":"https:\/\/www.viverosfranco.com\/gl\/wp-json\/wp\/v2\/media?parent=162"}],"wp:term":[{"taxonomy":"product_cat","embeddable":true,"href":"https:\/\/www.viverosfranco.com\/gl\/wp-json\/wp\/v2\/product_cat?post=162"},{"taxonomy":"product_tag","embeddable":true,"href":"https:\/\/www.viverosfranco.com\/gl\/wp-json\/wp\/v2\/product_tag?post=162"}],"curies":[{"name":"wp","href":"https:\/\/api.w.org\/{rel}","templated":true}]}}