{"id":155,"date":"2018-11-29T18:20:34","date_gmt":"2018-11-29T17:20:34","guid":{"rendered":"https:\/\/www.viverosfranco.com\/?post_type=product&#038;p=155"},"modified":"2018-11-29T18:37:31","modified_gmt":"2018-11-29T17:37:31","slug":"alnus-glutinosa-aliso","status":"publish","type":"product","link":"https:\/\/www.viverosfranco.com\/gl\/producto\/alnus-glutinosa-aliso\/","title":{"rendered":"Alnus glutinosa (Aliso)"},"content":{"rendered":"","protected":false},"excerpt":{"rendered":"<p>\u00c1rbol de media altura (20-30 m), caducifolio. Se caracteriza por sus hojas de 6 a 12 cm de largo con peciolos cortos (5-10 cm), de color verde oscuro, o fuerte por el haz y algo m\u00e1s claro por el env\u00e9s, limbo redondeado y con extremidad truncada. Una originalidad es que permanecen verdes hasta su ca\u00edda. Con cinco a ocho pares de nervios paralelos. Haces de pelos blanquecinos o rojizos en las axilas en el env\u00e9s.<\/p>\n<p><strong>Presentaci\u00f3n:<\/strong><\/p>\n<table width=\"661\">\n<tbody>\n<tr>\n<td width=\"283\">Alnus Glutinosa (Aliso)<\/td>\n<td width=\"128\">1+0<\/td>\n<td width=\"90\">40\/60<\/td>\n<td width=\"80\">R\/D<\/td>\n<td width=\"80\"><\/td>\n<\/tr>\n<tr>\n<td>Alnus Glutinosa (Aliso)<\/td>\n<td>1+1<\/td>\n<td>50\/60<\/td>\n<td>R\/D<\/td>\n<td><\/td>\n<\/tr>\n<tr>\n<td>Alnus Glutinosa (Aliso)<\/td>\n<td>1+1<\/td>\n<td>60\/90<\/td>\n<td>R\/D<\/td>\n<td><\/td>\n<\/tr>\n<tr>\n<td>Alnus Glutinosa (Aliso)<\/td>\n<td>1+1<\/td>\n<td>90\/120<\/td>\n<td>R\/D<\/td>\n<td><\/td>\n<\/tr>\n<tr>\n<td>Alnus Glutinosa (Aliso)<\/td>\n<td>1+1<\/td>\n<td>120\/140<\/td>\n<td>R\/D<\/td>\n<td><\/td>\n<\/tr>\n<tr>\n<td>Alnus Glutinosa (Aliso)<\/td>\n<td>mayores<\/td>\n<td>consultar<\/td>\n<td><\/td>\n<td><\/td>\n<\/tr>\n<\/tbody>\n<\/table>\n","protected":false},"featured_media":156,"template":"","meta":[],"product_cat":[20],"product_tag":[],"_links":{"self":[{"href":"https:\/\/www.viverosfranco.com\/gl\/wp-json\/wp\/v3\/product\/155"}],"collection":[{"href":"https:\/\/www.viverosfranco.com\/gl\/wp-json\/wp\/v3\/product"}],"about":[{"href":"https:\/\/www.viverosfranco.com\/gl\/wp-json\/wp\/v2\/types\/product"}],"version-history":[{"count":1,"href":"https:\/\/www.viverosfranco.com\/gl\/wp-json\/wp\/v3\/product\/155\/revisions"}],"predecessor-version":[{"id":157,"href":"https:\/\/www.viverosfranco.com\/gl\/wp-json\/wp\/v3\/product\/155\/revisions\/157"}],"wp:featuredmedia":[{"embeddable":true,"href":"https:\/\/www.viverosfranco.com\/gl\/wp-json\/wp\/v2\/media\/156"}],"wp:attachment":[{"href":"https:\/\/www.viverosfranco.com\/gl\/wp-json\/wp\/v2\/media?parent=155"}],"wp:term":[{"taxonomy":"product_cat","embeddable":true,"href":"https:\/\/www.viverosfranco.com\/gl\/wp-json\/wp\/v2\/product_cat?post=155"},{"taxonomy":"product_tag","embeddable":true,"href":"https:\/\/www.viverosfranco.com\/gl\/wp-json\/wp\/v2\/product_tag?post=155"}],"curies":[{"name":"wp","href":"https:\/\/api.w.org\/{rel}","templated":true}]}}