{"id":132,"date":"2018-11-29T16:51:42","date_gmt":"2018-11-29T15:51:42","guid":{"rendered":"https:\/\/www.viverosfranco.com\/?post_type=product&#038;p=132"},"modified":"2018-11-29T16:51:42","modified_gmt":"2018-11-29T15:51:42","slug":"abies-nordmanniana","status":"publish","type":"product","link":"https:\/\/www.viverosfranco.com\/gl\/producto\/abies-nordmanniana\/","title":{"rendered":"Abies nordmanniana"},"content":{"rendered":"","protected":false},"excerpt":{"rendered":"<p>Se cr\u00eda en climas frescos y con buena humedad ambiental. Los terrenos deben estar bien drenados y no ser calc\u00e1reos. Soporta relativamente bien la contaminaci\u00f3n.<\/p>\n<p>Es el abeto cl\u00e1sico de las Navidades en muchos hogares debido a su abundante y atractivo follaje, posee agujas romas en lugar de afiladas, que no caen f\u00e1cilmente cuando el \u00e1rbol se seca.<\/p>\n","protected":false},"featured_media":133,"template":"","meta":[],"product_cat":[20],"product_tag":[],"_links":{"self":[{"href":"https:\/\/www.viverosfranco.com\/gl\/wp-json\/wp\/v3\/product\/132"}],"collection":[{"href":"https:\/\/www.viverosfranco.com\/gl\/wp-json\/wp\/v3\/product"}],"about":[{"href":"https:\/\/www.viverosfranco.com\/gl\/wp-json\/wp\/v2\/types\/product"}],"version-history":[{"count":0,"href":"https:\/\/www.viverosfranco.com\/gl\/wp-json\/wp\/v3\/product\/132\/revisions"}],"wp:featuredmedia":[{"embeddable":true,"href":"https:\/\/www.viverosfranco.com\/gl\/wp-json\/wp\/v2\/media\/133"}],"wp:attachment":[{"href":"https:\/\/www.viverosfranco.com\/gl\/wp-json\/wp\/v2\/media?parent=132"}],"wp:term":[{"taxonomy":"product_cat","embeddable":true,"href":"https:\/\/www.viverosfranco.com\/gl\/wp-json\/wp\/v2\/product_cat?post=132"},{"taxonomy":"product_tag","embeddable":true,"href":"https:\/\/www.viverosfranco.com\/gl\/wp-json\/wp\/v2\/product_tag?post=132"}],"curies":[{"name":"wp","href":"https:\/\/api.w.org\/{rel}","templated":true}]}}