{"id":131,"date":"2018-11-29T16:44:32","date_gmt":"2018-11-29T15:44:32","guid":{"rendered":"https:\/\/www.viverosfranco.com\/?post_type=product&#038;p=131"},"modified":"2018-11-29T16:44:33","modified_gmt":"2018-11-29T15:44:33","slug":"cupressus-stricta-totem","status":"publish","type":"product","link":"https:\/\/www.viverosfranco.com\/gl\/producto\/cupressus-stricta-totem\/","title":{"rendered":"Cupressus stricta totem"},"content":{"rendered":"","protected":false},"excerpt":{"rendered":"<p>Tiene una gran longevidad existiendo ejemplares con m\u00e1s de 1000 a\u00f1os. Su crecimiento es r\u00e1pido y puede alcanzar hasta 35 metros (excepcionalmente). Los griegos lo consideraban como un s\u00edmbolo de la belleza femenina, aunque otras zonas eran consideradas s\u00edmbolo de hospitalidad. Se utiliza en ebanister\u00eda y, dada su resistencia a la humedad, se ha utilizado en la industria naval.<\/p>\n<p><strong>Presentaci\u00f3n:<\/strong><\/p>\n<table width=\"581\">\n<tbody>\n<tr>\n<td width=\"283\">Cupressus Stricta Totem<\/td>\n<td width=\"128\">consultar<\/td>\n<td width=\"90\"><\/td>\n<td width=\"80\"><\/td>\n<\/tr>\n<tr>\n<td>Cupressus Stricta Totem<\/td>\n<td>150\/175<\/td>\n<td>m. alto<\/td>\n<td>C-30<\/td>\n<\/tr>\n<tr>\n<td>Cupressus Stricta Totem<\/td>\n<td>175\/200<\/td>\n<td>m. alto<\/td>\n<td>C-30<\/td>\n<\/tr>\n<\/tbody>\n<\/table>\n","protected":false},"featured_media":127,"template":"","meta":[],"product_cat":[19],"product_tag":[],"_links":{"self":[{"href":"https:\/\/www.viverosfranco.com\/gl\/wp-json\/wp\/v3\/product\/131"}],"collection":[{"href":"https:\/\/www.viverosfranco.com\/gl\/wp-json\/wp\/v3\/product"}],"about":[{"href":"https:\/\/www.viverosfranco.com\/gl\/wp-json\/wp\/v2\/types\/product"}],"version-history":[{"count":0,"href":"https:\/\/www.viverosfranco.com\/gl\/wp-json\/wp\/v3\/product\/131\/revisions"}],"wp:featuredmedia":[{"embeddable":true,"href":"https:\/\/www.viverosfranco.com\/gl\/wp-json\/wp\/v2\/media\/127"}],"wp:attachment":[{"href":"https:\/\/www.viverosfranco.com\/gl\/wp-json\/wp\/v2\/media?parent=131"}],"wp:term":[{"taxonomy":"product_cat","embeddable":true,"href":"https:\/\/www.viverosfranco.com\/gl\/wp-json\/wp\/v2\/product_cat?post=131"},{"taxonomy":"product_tag","embeddable":true,"href":"https:\/\/www.viverosfranco.com\/gl\/wp-json\/wp\/v2\/product_tag?post=131"}],"curies":[{"name":"wp","href":"https:\/\/api.w.org\/{rel}","templated":true}]}}