{"id":130,"date":"2018-11-29T16:38:54","date_gmt":"2018-11-29T15:38:54","guid":{"rendered":"https:\/\/www.viverosfranco.com\/?post_type=product&#038;p=130"},"modified":"2018-11-29T16:38:56","modified_gmt":"2018-11-29T15:38:56","slug":"cupressus-stricta-aurea","status":"publish","type":"product","link":"https:\/\/www.viverosfranco.com\/gl\/producto\/cupressus-stricta-aurea\/","title":{"rendered":"Cupressus stricta aurea"},"content":{"rendered":"","protected":false},"excerpt":{"rendered":"<p>Es una con\u00edfera de porte m\u00e1s compacto y estrecho, como una aguja. Es muy resistente a terrenos y sequ\u00eda. Requiere de exposici\u00f3n soleada. Muy utilizado en como ejemplar aislado, jard\u00edn e incluso en macetas.<\/p>\n<p><strong>Presentaci\u00f3n:<\/strong><\/p>\n<table width=\"581\">\n<tbody>\n<tr>\n<td width=\"283\">Cupressus Stricta Aurea<\/td>\n<td width=\"128\">consultar<\/td>\n<td width=\"90\"><\/td>\n<td width=\"80\"><\/td>\n<\/tr>\n<\/tbody>\n<\/table>\n","protected":false},"featured_media":127,"template":"","meta":[],"product_cat":[19],"product_tag":[],"_links":{"self":[{"href":"https:\/\/www.viverosfranco.com\/gl\/wp-json\/wp\/v3\/product\/130"}],"collection":[{"href":"https:\/\/www.viverosfranco.com\/gl\/wp-json\/wp\/v3\/product"}],"about":[{"href":"https:\/\/www.viverosfranco.com\/gl\/wp-json\/wp\/v2\/types\/product"}],"version-history":[{"count":0,"href":"https:\/\/www.viverosfranco.com\/gl\/wp-json\/wp\/v3\/product\/130\/revisions"}],"wp:featuredmedia":[{"embeddable":true,"href":"https:\/\/www.viverosfranco.com\/gl\/wp-json\/wp\/v2\/media\/127"}],"wp:attachment":[{"href":"https:\/\/www.viverosfranco.com\/gl\/wp-json\/wp\/v2\/media?parent=130"}],"wp:term":[{"taxonomy":"product_cat","embeddable":true,"href":"https:\/\/www.viverosfranco.com\/gl\/wp-json\/wp\/v2\/product_cat?post=130"},{"taxonomy":"product_tag","embeddable":true,"href":"https:\/\/www.viverosfranco.com\/gl\/wp-json\/wp\/v2\/product_tag?post=130"}],"curies":[{"name":"wp","href":"https:\/\/api.w.org\/{rel}","templated":true}]}}