{"id":128,"date":"2018-11-29T16:33:28","date_gmt":"2018-11-29T15:33:28","guid":{"rendered":"https:\/\/www.viverosfranco.com\/?post_type=product&#038;p=128"},"modified":"2018-11-29T16:37:11","modified_gmt":"2018-11-29T15:37:11","slug":"cupressus-stricta","status":"publish","type":"product","link":"https:\/\/www.viverosfranco.com\/gl\/producto\/cupressus-stricta\/","title":{"rendered":"Cupressus stricta"},"content":{"rendered":"","protected":false},"excerpt":{"rendered":"<p>Es una con\u00edfera de porte m\u00e1s compacto y estrecho, como una aguja. Hojas de color verde oscuro. Es muy resistente a terrenos y sequ\u00eda. Requiere de exposici\u00f3n soleada. Muy utilizado en como ejemplar aislado, jard\u00edn e incluso en macetas.<\/p>\n<p><strong>Presentaci\u00f3n:<\/strong><\/p>\n<table width=\"581\">\n<tbody>\n<tr>\n<td width=\"283\">Cupressus Stricta<\/td>\n<td width=\"128\">150\/175<\/td>\n<td width=\"90\">m. alto<\/td>\n<td width=\"80\">C-30<\/td>\n<\/tr>\n<tr>\n<td>Cupressus Stricta<\/td>\n<td>175\/200<\/td>\n<td>m. alto<\/td>\n<td>C-30<\/td>\n<\/tr>\n<tr>\n<td>Cupressus Stricta<\/td>\n<td>300\/350<\/td>\n<td>m. alto<\/td>\n<td>C-50<\/td>\n<\/tr>\n<\/tbody>\n<\/table>\n","protected":false},"featured_media":129,"template":"","meta":[],"product_cat":[17],"product_tag":[],"_links":{"self":[{"href":"https:\/\/www.viverosfranco.com\/gl\/wp-json\/wp\/v3\/product\/128"}],"collection":[{"href":"https:\/\/www.viverosfranco.com\/gl\/wp-json\/wp\/v3\/product"}],"about":[{"href":"https:\/\/www.viverosfranco.com\/gl\/wp-json\/wp\/v2\/types\/product"}],"version-history":[{"count":0,"href":"https:\/\/www.viverosfranco.com\/gl\/wp-json\/wp\/v3\/product\/128\/revisions"}],"wp:featuredmedia":[{"embeddable":true,"href":"https:\/\/www.viverosfranco.com\/gl\/wp-json\/wp\/v2\/media\/129"}],"wp:attachment":[{"href":"https:\/\/www.viverosfranco.com\/gl\/wp-json\/wp\/v2\/media?parent=128"}],"wp:term":[{"taxonomy":"product_cat","embeddable":true,"href":"https:\/\/www.viverosfranco.com\/gl\/wp-json\/wp\/v2\/product_cat?post=128"},{"taxonomy":"product_tag","embeddable":true,"href":"https:\/\/www.viverosfranco.com\/gl\/wp-json\/wp\/v2\/product_tag?post=128"}],"curies":[{"name":"wp","href":"https:\/\/api.w.org\/{rel}","templated":true}]}}