{"id":126,"date":"2018-11-29T16:12:45","date_gmt":"2018-11-29T15:12:45","guid":{"rendered":"https:\/\/www.viverosfranco.com\/?post_type=product&#038;p=126"},"modified":"2018-11-29T16:15:53","modified_gmt":"2018-11-29T15:15:53","slug":"cupressus-sempervirens","status":"publish","type":"product","link":"https:\/\/www.viverosfranco.com\/gl\/producto\/cupressus-sempervirens\/","title":{"rendered":"Cupressus sempervirens"},"content":{"rendered":"","protected":false},"excerpt":{"rendered":"<p>Es original de regiones del este del Mediterr\u00e1neo, existiendo zonas importantes en el norte de Libia, sur de Grecia (Creta y Rodas), sur de Turqu\u00eda, Chipre, oeste de Siria, L\u00edbano, oeste de Jordania y ciertas zonas de Ir\u00e1n. Se cree que hace unos dos o tres mil a\u00f1os formaba grandes masas forestales en el norte de \u00c1frica, quedando hoy en d\u00eda pocos ejemplares.<\/p>\n<p><strong>Presentaci\u00f3n:\u00a0<\/strong><\/p>\n<table width=\"581\">\n<tbody>\n<tr>\n<td width=\"283\">Cupressus Sempervirens<\/td>\n<td width=\"128\">50\/75<\/td>\n<td width=\"90\">m. alto<\/td>\n<td width=\"80\">C-14<\/td>\n<\/tr>\n<tr>\n<td>Cupressus Piramidal<\/td>\n<td>75\/100<\/td>\n<td>m. alto<\/td>\n<td>C-14<\/td>\n<\/tr>\n<tr>\n<td>Cupressus Piramidal<\/td>\n<td>100\/125<\/td>\n<td>m. alto<\/td>\n<td>C-20<\/td>\n<\/tr>\n<tr>\n<td>Cupressus Piramidal<\/td>\n<td>150\/175<\/td>\n<td>m. alto<\/td>\n<td>C-30<\/td>\n<\/tr>\n<tr>\n<td>Cupressus Piramidal<\/td>\n<td>200\/225<\/td>\n<td>m. alto<\/td>\n<td>C-30<\/td>\n<\/tr>\n<tr>\n<td>Cupressus Piramidal<\/td>\n<td>mayores<\/td>\n<td>consultar<\/td>\n<td><\/td>\n<\/tr>\n<\/tbody>\n<\/table>\n","protected":false},"featured_media":127,"template":"","meta":[],"product_cat":[19],"product_tag":[],"_links":{"self":[{"href":"https:\/\/www.viverosfranco.com\/gl\/wp-json\/wp\/v3\/product\/126"}],"collection":[{"href":"https:\/\/www.viverosfranco.com\/gl\/wp-json\/wp\/v3\/product"}],"about":[{"href":"https:\/\/www.viverosfranco.com\/gl\/wp-json\/wp\/v2\/types\/product"}],"version-history":[{"count":0,"href":"https:\/\/www.viverosfranco.com\/gl\/wp-json\/wp\/v3\/product\/126\/revisions"}],"wp:featuredmedia":[{"embeddable":true,"href":"https:\/\/www.viverosfranco.com\/gl\/wp-json\/wp\/v2\/media\/127"}],"wp:attachment":[{"href":"https:\/\/www.viverosfranco.com\/gl\/wp-json\/wp\/v2\/media?parent=126"}],"wp:term":[{"taxonomy":"product_cat","embeddable":true,"href":"https:\/\/www.viverosfranco.com\/gl\/wp-json\/wp\/v2\/product_cat?post=126"},{"taxonomy":"product_tag","embeddable":true,"href":"https:\/\/www.viverosfranco.com\/gl\/wp-json\/wp\/v2\/product_tag?post=126"}],"curies":[{"name":"wp","href":"https:\/\/api.w.org\/{rel}","templated":true}]}}