{"id":124,"date":"2018-11-29T16:05:39","date_gmt":"2018-11-29T15:05:39","guid":{"rendered":"https:\/\/www.viverosfranco.com\/?post_type=product&#038;p=124"},"modified":"2018-11-29T16:08:13","modified_gmt":"2018-11-29T15:08:13","slug":"cupressus-wilma","status":"publish","type":"product","link":"https:\/\/www.viverosfranco.com\/gl\/producto\/cupressus-wilma\/","title":{"rendered":"Cupressus wilma"},"content":{"rendered":"","protected":false},"excerpt":{"rendered":"<p>Con\u00edfera perenne con follaje brillante, lim\u00f3n-amarillo y lim\u00f3n. Vertical, estrecho y columnar.<br \/>\nNecesita Sol con buen drenaje y muy poca agua de verano para un mejor rendimiento.<\/p>\n<p><strong>Presentaci\u00f3n:<\/strong><\/p>\n<table width=\"581\">\n<tbody>\n<tr>\n<td width=\"283\">Cupressus Wilma<\/td>\n<td width=\"128\">50\/75<\/td>\n<td width=\"90\">m. alto<\/td>\n<td width=\"80\">C-17<\/td>\n<\/tr>\n<tr>\n<td>Cupressus Wilma<\/td>\n<td>60\/80<\/td>\n<td>m. alto<\/td>\n<td>C-20<\/td>\n<\/tr>\n<tr>\n<td>Cupressus Wilma<\/td>\n<td>100\/125<\/td>\n<td>m. alto<\/td>\n<td>C-30<\/td>\n<\/tr>\n<tr>\n<td>Cupressus Wilma<\/td>\n<td>125\/150<\/td>\n<td>m. alto<\/td>\n<td>C-30<\/td>\n<\/tr>\n<tr>\n<td>Cupressus Wilma<\/td>\n<td>mayores<\/td>\n<td>consultar<\/td>\n<td><\/td>\n<\/tr>\n<\/tbody>\n<\/table>\n","protected":false},"featured_media":125,"template":"","meta":[],"product_cat":[19],"product_tag":[],"_links":{"self":[{"href":"https:\/\/www.viverosfranco.com\/gl\/wp-json\/wp\/v3\/product\/124"}],"collection":[{"href":"https:\/\/www.viverosfranco.com\/gl\/wp-json\/wp\/v3\/product"}],"about":[{"href":"https:\/\/www.viverosfranco.com\/gl\/wp-json\/wp\/v2\/types\/product"}],"version-history":[{"count":0,"href":"https:\/\/www.viverosfranco.com\/gl\/wp-json\/wp\/v3\/product\/124\/revisions"}],"wp:featuredmedia":[{"embeddable":true,"href":"https:\/\/www.viverosfranco.com\/gl\/wp-json\/wp\/v2\/media\/125"}],"wp:attachment":[{"href":"https:\/\/www.viverosfranco.com\/gl\/wp-json\/wp\/v2\/media?parent=124"}],"wp:term":[{"taxonomy":"product_cat","embeddable":true,"href":"https:\/\/www.viverosfranco.com\/gl\/wp-json\/wp\/v2\/product_cat?post=124"},{"taxonomy":"product_tag","embeddable":true,"href":"https:\/\/www.viverosfranco.com\/gl\/wp-json\/wp\/v2\/product_tag?post=124"}],"curies":[{"name":"wp","href":"https:\/\/api.w.org\/{rel}","templated":true}]}}