{"id":122,"date":"2018-11-29T16:00:13","date_gmt":"2018-11-29T15:00:13","guid":{"rendered":"https:\/\/www.viverosfranco.com\/?post_type=product&#038;p=122"},"modified":"2018-11-29T16:00:13","modified_gmt":"2018-11-29T15:00:13","slug":"cupressus-arizonica-glauca","status":"publish","type":"product","link":"https:\/\/www.viverosfranco.com\/gl\/producto\/cupressus-arizonica-glauca\/","title":{"rendered":"Cupressus ariz\u00f3nica glauca"},"content":{"rendered":"","protected":false},"excerpt":{"rendered":"<p>El Cupressus arizonica glauca es una con\u00edfera espectacular. Al tener las hojas azul-gris\u00e1ceas llama mucho la atenci\u00f3n, incluso a metros de distancia. No necesita muchos cuidados.<\/p>\n<p><strong>Presentaci\u00f3n:<\/strong><\/p>\n<table width=\"581\">\n<tbody>\n<tr>\n<td width=\"283\">Cupressus Ariz\u00f3nica Glauca<\/td>\n<td width=\"128\">150\/200<\/td>\n<td width=\"90\">m. alto<\/td>\n<td width=\"80\">C-30<\/td>\n<\/tr>\n<\/tbody>\n<\/table>\n","protected":false},"featured_media":123,"template":"","meta":[],"product_cat":[19],"product_tag":[],"_links":{"self":[{"href":"https:\/\/www.viverosfranco.com\/gl\/wp-json\/wp\/v3\/product\/122"}],"collection":[{"href":"https:\/\/www.viverosfranco.com\/gl\/wp-json\/wp\/v3\/product"}],"about":[{"href":"https:\/\/www.viverosfranco.com\/gl\/wp-json\/wp\/v2\/types\/product"}],"version-history":[{"count":0,"href":"https:\/\/www.viverosfranco.com\/gl\/wp-json\/wp\/v3\/product\/122\/revisions"}],"wp:featuredmedia":[{"embeddable":true,"href":"https:\/\/www.viverosfranco.com\/gl\/wp-json\/wp\/v2\/media\/123"}],"wp:attachment":[{"href":"https:\/\/www.viverosfranco.com\/gl\/wp-json\/wp\/v2\/media?parent=122"}],"wp:term":[{"taxonomy":"product_cat","embeddable":true,"href":"https:\/\/www.viverosfranco.com\/gl\/wp-json\/wp\/v2\/product_cat?post=122"},{"taxonomy":"product_tag","embeddable":true,"href":"https:\/\/www.viverosfranco.com\/gl\/wp-json\/wp\/v2\/product_tag?post=122"}],"curies":[{"name":"wp","href":"https:\/\/api.w.org\/{rel}","templated":true}]}}